{"id":18,"date":"2019-04-18T15:59:48","date_gmt":"2019-04-18T15:59:48","guid":{"rendered":"http:\/\/www.lepointensante.com\/gala\/?page_id=18"},"modified":"2021-10-13T19:37:31","modified_gmt":"2021-10-13T19:37:31","slug":"partenaires","status":"publish","type":"page","link":"https:\/\/www.lepointensante.com\/gala\/partenaires\/","title":{"rendered":"Partenaires"},"content":{"rendered":"<p>[et_pb_section fb_built=\u00a0\u00bb1&Prime; _builder_version=\u00a0\u00bb3.22&Prime; background_image=\u00a0\u00bbhttps:\/\/www.lepointensante.com\/gala\/wp-content\/uploads\/sites\/13\/2019\/04\/BG_Gala_2.png\u00a0\u00bb global_colors_info=\u00a0\u00bb{}\u00a0\u00bb][et_pb_row _builder_version=\u00a0\u00bb3.25&Prime; global_colors_info=\u00a0\u00bb{}\u00a0\u00bb][et_pb_column type=\u00a0\u00bb4_4&Prime; _builder_version=\u00a0\u00bb3.25&Prime; custom_padding=\u00a0\u00bb|||\u00a0\u00bb global_colors_info=\u00a0\u00bb{}\u00a0\u00bb custom_padding__hover=\u00a0\u00bb|||\u00a0\u00bb][et_pb_text _builder_version=\u00a0\u00bb3.27.4&Prime; text_font=\u00a0\u00bbLato||||||||\u00a0\u00bb text_font_size=\u00a0\u00bb32px\u00a0\u00bb text_line_height=\u00a0\u00bb1.8em\u00a0\u00bb header_text_color=\u00a0\u00bb#000000&Prime; text_orientation=\u00a0\u00bbcenter\u00a0\u00bb animation_style=\u00a0\u00bbfade\u00a0\u00bb animation_duration=\u00a0\u00bb1800ms\u00a0\u00bb animation_starting_opacity=\u00a0\u00bb35%\u00a0\u00bb animation_speed_curve=\u00a0\u00bblinear\u00a0\u00bb global_colors_info=\u00a0\u00bb{}\u00a0\u00bb]<\/p>\n<p><img loading=\"lazy\" decoding=\"async\" class=\"aligncenter wp-image-252\" src=\"https:\/\/www.lepointensante.com\/gala\/wp-content\/uploads\/sites\/13\/2019\/04\/LeGalaTI-1-1024x182.png\" alt=\"\" width=\"800\" height=\"142\" srcset=\"https:\/\/www.lepointensante.com\/gala\/wp-content\/uploads\/sites\/13\/2019\/04\/LeGalaTI-1-1024x182.png 1024w, https:\/\/www.lepointensante.com\/gala\/wp-content\/uploads\/sites\/13\/2019\/04\/LeGalaTI-1-300x53.png 300w, https:\/\/www.lepointensante.com\/gala\/wp-content\/uploads\/sites\/13\/2019\/04\/LeGalaTI-1-768x137.png 768w, https:\/\/www.lepointensante.com\/gala\/wp-content\/uploads\/sites\/13\/2019\/04\/LeGalaTI-1-1080x192.png 1080w, https:\/\/www.lepointensante.com\/gala\/wp-content\/uploads\/sites\/13\/2019\/04\/LeGalaTI-1-1320x235.png 1320w, https:\/\/www.lepointensante.com\/gala\/wp-content\/uploads\/sites\/13\/2019\/04\/LeGalaTI-1-600x107.png 600w, https:\/\/www.lepointensante.com\/gala\/wp-content\/uploads\/sites\/13\/2019\/04\/LeGalaTI-1.png 1798w\" sizes=\"auto, (max-width: 800px) 100vw, 800px\" \/><\/p>\n<p>[\/et_pb_text][et_pb_text _builder_version=\u00a0\u00bb3.27.4&Prime; text_font=\u00a0\u00bbLato||||||||\u00a0\u00bb text_text_color=\u00a0\u00bb#000000&Prime; text_font_size=\u00a0\u00bb12px\u00a0\u00bb text_line_height=\u00a0\u00bb1.8em\u00a0\u00bb text_orientation=\u00a0\u00bbcenter\u00a0\u00bb global_colors_info=\u00a0\u00bb{}\u00a0\u00bb][\/et_pb_text][et_pb_text _builder_version=\u00a0\u00bb3.27.4&Prime; text_font=\u00a0\u00bbLato|300|||||||\u00a0\u00bb text_text_color=\u00a0\u00bb#000000&Prime; text_font_size=\u00a0\u00bb26px\u00a0\u00bb text_line_height=\u00a0\u00bb1.5em\u00a0\u00bb text_orientation=\u00a0\u00bbcenter\u00a0\u00bb animation_style=\u00a0\u00bbfade\u00a0\u00bb animation_duration=\u00a0\u00bb1800ms\u00a0\u00bb animation_starting_opacity=\u00a0\u00bb35%\u00a0\u00bb animation_speed_curve=\u00a0\u00bblinear\u00a0\u00bb global_colors_info=\u00a0\u00bb{}\u00a0\u00bb]<\/p>\n<p>Pr\u00e9sent\u00e9 dans le cadre du <em>Colloque Informatique Sant\u00e9<\/em><\/p>\n<p>[\/et_pb_text][\/et_pb_column][\/et_pb_row][et_pb_row _builder_version=\u00a0\u00bb3.25&Prime; background_size=\u00a0\u00bbinitial\u00a0\u00bb background_position=\u00a0\u00bbtop_left\u00a0\u00bb background_repeat=\u00a0\u00bbrepeat\u00a0\u00bb global_colors_info=\u00a0\u00bb{}\u00a0\u00bb][et_pb_column type=\u00a0\u00bb4_4&Prime; _builder_version=\u00a0\u00bb3.25&Prime; custom_padding=\u00a0\u00bb|||\u00a0\u00bb global_colors_info=\u00a0\u00bb{}\u00a0\u00bb custom_padding__hover=\u00a0\u00bb|||\u00a0\u00bb][et_pb_button button_url=\u00a0\u00bbhttps:\/\/www.evenementlepointensante.com\/colloque\/le-gala-2021\/\u00a0\u00bb url_new_window=\u00a0\u00bbon\u00a0\u00bb button_text=\u00a0\u00bbAssister au Gala\u00a0\u00bb button_alignment=\u00a0\u00bbcenter\u00a0\u00bb disabled_on=\u00a0\u00bboff|off|off\u00a0\u00bb admin_label=\u00a0\u00bbButton Assister au Gala\u00a0\u00bb _builder_version=\u00a0\u00bb4.0.10&Prime; custom_button=\u00a0\u00bbon\u00a0\u00bb button_text_size=\u00a0\u00bb20px\u00a0\u00bb button_text_color=\u00a0\u00bbrgba(255,255,255,0.86)\u00a0\u00bb button_bg_color=\u00a0\u00bb#e02b20&Prime; button_border_width=\u00a0\u00bb1&Prime; button_border_color=\u00a0\u00bb#e02b20&Prime; button_border_radius=\u00a0\u00bb5&Prime; button_font=\u00a0\u00bbLato|700|||||||\u00a0\u00bb background_layout=\u00a0\u00bbdark\u00a0\u00bb animation_style=\u00a0\u00bbfade\u00a0\u00bb animation_duration=\u00a0\u00bb1800ms\u00a0\u00bb animation_starting_opacity=\u00a0\u00bb35%\u00a0\u00bb animation_speed_curve=\u00a0\u00bblinear\u00a0\u00bb button_text_size_tablet=\u00a0\u00bb\u00a0\u00bb button_text_size_phone=\u00a0\u00bb\u00a0\u00bb button_text_size_last_edited=\u00a0\u00bbon|\u00a0\u00bb global_colors_info=\u00a0\u00bb{}\u00a0\u00bb][\/et_pb_button][et_pb_button button_url=\u00a0\u00bbhttps:\/\/www.lepointensante.com\/gala\/gagnants-2019\/\u00a0\u00bb button_text=\u00a0\u00bbLaur\u00e9ats 2019&Prime; button_alignment=\u00a0\u00bbcenter\u00a0\u00bb disabled_on=\u00a0\u00bbon|on|on\u00a0\u00bb admin_label=\u00a0\u00bbButton gagnants 2019&Prime; _builder_version=\u00a0\u00bb3.19.10&Prime; custom_button=\u00a0\u00bbon\u00a0\u00bb button_text_size=\u00a0\u00bb18&Prime; button_text_color=\u00a0\u00bbrgba(255,255,255,0.86)\u00a0\u00bb button_bg_color=\u00a0\u00bb#02c7b2&Prime; button_border_width=\u00a0\u00bb1&Prime; button_border_color=\u00a0\u00bb#02c7b2&Prime; button_border_radius=\u00a0\u00bb5&Prime; button_font=\u00a0\u00bbLato|700|||||||\u00a0\u00bb background_layout=\u00a0\u00bbdark\u00a0\u00bb animation_style=\u00a0\u00bbfade\u00a0\u00bb animation_duration=\u00a0\u00bb1800ms\u00a0\u00bb animation_starting_opacity=\u00a0\u00bb35%\u00a0\u00bb animation_speed_curve=\u00a0\u00bblinear\u00a0\u00bb button_text_size_tablet=\u00a0\u00bb\u00a0\u00bb button_text_size_phone=\u00a0\u00bb\u00a0\u00bb button_text_size_last_edited=\u00a0\u00bbon|\u00a0\u00bb disabled=\u00a0\u00bbon\u00a0\u00bb global_colors_info=\u00a0\u00bb{}\u00a0\u00bb][\/et_pb_button][et_pb_button button_url=\u00a0\u00bbhttps:\/\/www.lepointensante.com\/gala\/finalistes2019\/\u00a0\u00bb button_text=\u00a0\u00bbFinalistes 2019&Prime; button_alignment=\u00a0\u00bbcenter\u00a0\u00bb disabled_on=\u00a0\u00bbon|on|on\u00a0\u00bb admin_label=\u00a0\u00bbButton finalistes 2019&Prime; _builder_version=\u00a0\u00bb3.19.10&Prime; custom_button=\u00a0\u00bbon\u00a0\u00bb button_text_size=\u00a0\u00bb18&Prime; button_text_color=\u00a0\u00bbrgba(255,255,255,0.86)\u00a0\u00bb button_bg_color=\u00a0\u00bb#000000&Prime; button_border_width=\u00a0\u00bb1&Prime; button_border_color=\u00a0\u00bb#000000&Prime; button_border_radius=\u00a0\u00bb5&Prime; button_font=\u00a0\u00bbLato|700|||||||\u00a0\u00bb background_layout=\u00a0\u00bbdark\u00a0\u00bb animation_style=\u00a0\u00bbfade\u00a0\u00bb animation_duration=\u00a0\u00bb1800px\u00a0\u00bb animation_starting_opacity=\u00a0\u00bb35%\u00a0\u00bb animation_speed_curve=\u00a0\u00bblinear\u00a0\u00bb button_text_size_tablet=\u00a0\u00bb\u00a0\u00bb button_text_size_phone=\u00a0\u00bb\u00a0\u00bb button_text_size_last_edited=\u00a0\u00bbon|\u00a0\u00bb disabled=\u00a0\u00bbon\u00a0\u00bb global_colors_info=\u00a0\u00bb{}\u00a0\u00bb][\/et_pb_button][\/et_pb_column][\/et_pb_row][\/et_pb_section][et_pb_section fb_built=\u00a0\u00bb1&Prime; _builder_version=\u00a0\u00bb3.22&Prime; custom_margin=\u00a0\u00bb3px||3px|\u00a0\u00bb custom_padding=\u00a0\u00bb3px||3px|\u00a0\u00bb global_colors_info=\u00a0\u00bb{}\u00a0\u00bb][et_pb_row _builder_version=\u00a0\u00bb3.25&Prime; module_alignment=\u00a0\u00bbcenter\u00a0\u00bb global_colors_info=\u00a0\u00bb{}\u00a0\u00bb][et_pb_column type=\u00a0\u00bb4_4&Prime; _builder_version=\u00a0\u00bb3.25&Prime; custom_padding=\u00a0\u00bb|||\u00a0\u00bb global_colors_info=\u00a0\u00bb{}\u00a0\u00bb custom_padding__hover=\u00a0\u00bb|||\u00a0\u00bb][et_pb_text admin_label=\u00a0\u00bbtitre DEVENIR PARTENAIRE\u00a0\u00bb _builder_version=\u00a0\u00bb3.27.4&Prime; text_font=\u00a0\u00bbLato||||||||\u00a0\u00bb text_font_size=\u00a0\u00bb16px\u00a0\u00bb text_line_height=\u00a0\u00bb1.8em\u00a0\u00bb header_text_align=\u00a0\u00bbjustify\u00a0\u00bb global_colors_info=\u00a0\u00bb{}\u00a0\u00bb]<\/p>\n<h1>\u00a0<\/h1>\n<h1 style=\"text-align: center;\">DEVENIR PARTENAIRE<\/h1>\n<p>[\/et_pb_text][et_pb_text admin_label=\u00a0\u00bbText aux partenaires\u00a0\u00bb _builder_version=\u00a0\u00bb4.0.10&Prime; text_font=\u00a0\u00bbLato||||||||\u00a0\u00bb text_font_size=\u00a0\u00bb16px\u00a0\u00bb text_line_height=\u00a0\u00bb1.8em\u00a0\u00bb text_orientation=\u00a0\u00bbjustified\u00a0\u00bb global_colors_info=\u00a0\u00bb{}\u00a0\u00bb]<\/p>\n<p>Vous souhaitez devenir partenaire du Gala des Prix TI en Sant\u00e9 et Services Sociaux pour l&rsquo;\u00e9dition 2020? Vous aimeriez d\u00e9dicacer un prix pour souligner les grandes r\u00e9alisations du r\u00e9seau de la sant\u00e9 et des entreprises en sant\u00e9 num\u00e9rique? Sachez que vous pouvez faire partie de l&rsquo;aventure et monter sur sc\u00e8ne durant la soir\u00e9e du Gala pour remettre l&rsquo;un de nos Prix. Profitez ainsi d&rsquo;une visibilit\u00e9 aupr\u00e8s de 500 acteurs cl\u00e9s\u00a0d\u2019organismes gouvernementaux, d\u2019organismes publics du r\u00e9seau de la sant\u00e9, de personnalit\u00e9s du monde des affaires du secteur des technologies de la sant\u00e9 et d&rsquo;invit\u00e9s de grande renomm\u00e9e, en plus de contribuer \u00e0 la transformation du syst\u00e8me de sant\u00e9 qu\u00e9b\u00e9cois.\u00a0<\/p>\n<p>[\/et_pb_text][\/et_pb_column][\/et_pb_row][et_pb_row column_structure=\u00a0\u00bb1_2,1_2&Prime; _builder_version=\u00a0\u00bb4.0.10&Prime; global_colors_info=\u00a0\u00bb{}\u00a0\u00bb][et_pb_column type=\u00a0\u00bb1_2&Prime; _builder_version=\u00a0\u00bb4.0.10&Prime; global_colors_info=\u00a0\u00bb{}\u00a0\u00bb][et_pb_text _builder_version=\u00a0\u00bb4.0.10&Prime; global_colors_info=\u00a0\u00bb{}\u00a0\u00bb]<\/p>\n<p><strong>Pour plus d&rsquo;information:<\/strong><\/p>\n<p><strong>Christian Grenier<\/strong><br \/> Consultant en d\u00e9veloppement des affaires, affaires gouvernementales<br \/> Le Point en sant\u00e9 et services sociaux<br \/> T\u00e9l. : 514 266-8932<br \/> cgrenier@lepointensante.com<\/p>\n<p>[\/et_pb_text][\/et_pb_column][et_pb_column type=\u00a0\u00bb1_2&Prime; _builder_version=\u00a0\u00bb4.0.10&Prime; global_colors_info=\u00a0\u00bb{}\u00a0\u00bb][et_pb_text _builder_version=\u00a0\u00bb4.0.10&Prime; global_colors_info=\u00a0\u00bb{}\u00a0\u00bb]<\/p>\n<p>&nbsp;<\/p>\n<p><strong>Martin Laverdure<\/strong><br \/> Consultant en d\u00e9veloppement des affaires<br \/> Le Point en sant\u00e9 et services sociaux<br \/> T\u00e9l. : 514239-3629<br \/> martin@laverdure-marketing.com<\/p>\n<p>[\/et_pb_text][\/et_pb_column][\/et_pb_row][et_pb_row _builder_version=\u00a0\u00bb4.0.10&Prime; global_colors_info=\u00a0\u00bb{}\u00a0\u00bb][et_pb_column type=\u00a0\u00bb4_4&Prime; _builder_version=\u00a0\u00bb4.0.10&Prime; global_colors_info=\u00a0\u00bb{}\u00a0\u00bb][et_pb_button button_url=\u00a0\u00bbhttps:\/\/www.lepointensante.com\/gala\/wp-content\/uploads\/sites\/13\/2021\/03\/Plan-de-commandites_Gala2021WEB.pdf\u00a0\u00bb url_new_window=\u00a0\u00bbon\u00a0\u00bb button_text=\u00a0\u00bbPlan de commandites\u00a0\u00bb button_alignment=\u00a0\u00bbcenter\u00a0\u00bb admin_label=\u00a0\u00bbBouton Plan de commandites\u00a0\u00bb _builder_version=\u00a0\u00bb4.0.10&Prime; custom_button=\u00a0\u00bbon\u00a0\u00bb button_text_color=\u00a0\u00bb#ffffff\u00a0\u00bb button_bg_color=\u00a0\u00bb#000000&Prime; button_border_width=\u00a0\u00bb1px\u00a0\u00bb button_border_radius=\u00a0\u00bb5px\u00a0\u00bb button_font=\u00a0\u00bbLato|700|||||||\u00a0\u00bb button_icon=\u00a0\u00bb%%266%%\u00a0\u00bb background_layout=\u00a0\u00bbdark\u00a0\u00bb global_colors_info=\u00a0\u00bb{}\u00a0\u00bb][\/et_pb_button][et_pb_divider color=\u00a0\u00bbrgba(0,0,0,0.27)\u00a0\u00bb _builder_version=\u00a0\u00bb3.19.10&Prime; global_colors_info=\u00a0\u00bb{}\u00a0\u00bb][\/et_pb_divider][\/et_pb_column][\/et_pb_row][\/et_pb_section][et_pb_section fb_built=\u00a0\u00bb1&Prime; _builder_version=\u00a0\u00bb3.22&Prime; global_colors_info=\u00a0\u00bb{}\u00a0\u00bb][et_pb_row column_structure=\u00a0\u00bb1_4,3_4&Prime; _builder_version=\u00a0\u00bb3.25&Prime; background_size=\u00a0\u00bbinitial\u00a0\u00bb background_position=\u00a0\u00bbtop_left\u00a0\u00bb background_repeat=\u00a0\u00bbrepeat\u00a0\u00bb global_colors_info=\u00a0\u00bb{}\u00a0\u00bb][et_pb_column type=\u00a0\u00bb1_4&Prime; _builder_version=\u00a0\u00bb3.25&Prime; custom_padding=\u00a0\u00bb|||\u00a0\u00bb global_colors_info=\u00a0\u00bb{}\u00a0\u00bb custom_padding__hover=\u00a0\u00bb|||\u00a0\u00bb][et_pb_image src=\u00a0\u00bbhttps:\/\/www.lepointensante.com\/gala\/wp-content\/uploads\/sites\/13\/2021\/08\/Petal-social-profile.jpg\u00a0\u00bb url=\u00a0\u00bbhttps:\/\/www.petalmd.com\/fr\/\u00a0\u00bb url_new_window=\u00a0\u00bbon\u00a0\u00bb align_tablet=\u00a0\u00bbcenter\u00a0\u00bb align_phone=\u00a0\u00bb\u00a0\u00bb align_last_edited=\u00a0\u00bbon|desktop\u00a0\u00bb _builder_version=\u00a0\u00bb4.0.10&Prime; global_colors_info=\u00a0\u00bb{}\u00a0\u00bb][\/et_pb_image][\/et_pb_column][et_pb_column type=\u00a0\u00bb3_4&Prime; _builder_version=\u00a0\u00bb3.25&Prime; custom_padding=\u00a0\u00bb|||\u00a0\u00bb global_colors_info=\u00a0\u00bb{}\u00a0\u00bb custom_padding__hover=\u00a0\u00bb|||\u00a0\u00bb][et_pb_text _builder_version=\u00a0\u00bb4.11.1&Prime; text_font=\u00a0\u00bbLato||||||||\u00a0\u00bb text_font_size=\u00a0\u00bb16px\u00a0\u00bb text_line_height=\u00a0\u00bb1.8em\u00a0\u00bb header_text_align=\u00a0\u00bbjustify\u00a0\u00bb hover_enabled=\u00a0\u00bb0&Prime; global_colors_info=\u00a0\u00bb{}\u00a0\u00bb sticky_enabled=\u00a0\u00bb0&Prime;]<\/p>\n<h1 style=\"text-align: left;\"><strong>Partenaire principal\u00a0<\/strong><\/h1>\n<h2 style=\"text-align: left;\">Petal, nous contribuons \u00e0 am\u00e9liorer le syst\u00e8me de la sant\u00e9<\/h2>\n<p style=\"font-weight: 400;\">Leader canadien dans le domaine de la sant\u00e9 num\u00e9rique, Petal est une entreprise bas\u00e9e \u00e0 Qu\u00e9bec qui d\u00e9veloppe des solutions Web innovantes pour simplifier le quotidien des m\u00e9decins et am\u00e9liorer l\u2019efficacit\u00e9 des \u00e9tablissements de sant\u00e9.<\/p>\n<p><a href=\"https:\/\/www.petalmd.com\/fr\/\" target=\"_blank\" rel=\"noopener noreferrer\">www.petal-health.com<\/a><\/p>\n<p><a href=\"https:\/\/twitter.com\/Petal_MD?s=20\" target=\"_blank\" rel=\"noopener noreferrer\"><img loading=\"lazy\" decoding=\"async\" class=\"alignnone wp-image-535 size-full\" src=\"https:\/\/www.lepointensante.com\/gala\/wp-content\/uploads\/sites\/13\/2019\/04\/Screen-Shot-2019-04-30-at-2.38.45-PM.png\" alt=\"\" width=\"28\" height=\"32\" \/><\/a><a href=\"https:\/\/www.linkedin.com\/company\/petal-md\/\" target=\"_blank\" rel=\"noopener noreferrer\"><img loading=\"lazy\" decoding=\"async\" class=\"alignnone wp-image-536 size-full\" src=\"https:\/\/www.lepointensante.com\/gala\/wp-content\/uploads\/sites\/13\/2019\/04\/Screen-Shot-2019-04-30-at-2.38.34-PM.png\" alt=\"\" width=\"39\" height=\"30\" \/><\/a><a href=\"https:\/\/www.facebook.com\/petalmd\/\" target=\"_blank\" rel=\"noopener noreferrer\"><img loading=\"lazy\" decoding=\"async\" class=\"alignnone wp-image-537 size-full\" src=\"https:\/\/www.lepointensante.com\/gala\/wp-content\/uploads\/sites\/13\/2019\/04\/Screen-Shot-2019-04-30-at-2.38.24-PM.png\" alt=\"\" width=\"22\" height=\"30\" \/><\/a><\/p>\n<p>[\/et_pb_text][\/et_pb_column][\/et_pb_row][et_pb_row column_structure=\u00a0\u00bb1_4,3_4&Prime; disabled_on=\u00a0\u00bbon|on|on\u00a0\u00bb _builder_version=\u00a0\u00bb3.25&Prime; disabled=\u00a0\u00bbon\u00a0\u00bb global_colors_info=\u00a0\u00bb{}\u00a0\u00bb][et_pb_column type=\u00a0\u00bb1_4&Prime; _builder_version=\u00a0\u00bb3.25&Prime; custom_padding=\u00a0\u00bb|||\u00a0\u00bb global_colors_info=\u00a0\u00bb{}\u00a0\u00bb custom_padding__hover=\u00a0\u00bb|||\u00a0\u00bb][et_pb_image src=\u00a0\u00bbhttps:\/\/www.lepointensante.com\/gala\/wp-content\/uploads\/sites\/13\/2019\/07\/Logo-Ministere-Sante-Bon-Format.png\u00a0\u00bb url=\u00a0\u00bbhttps:\/\/www.petalmd.com\/fr\/\u00a0\u00bb url_new_window=\u00a0\u00bbon\u00a0\u00bb align_tablet=\u00a0\u00bbcenter\u00a0\u00bb align_phone=\u00a0\u00bb\u00a0\u00bb align_last_edited=\u00a0\u00bbon|desktop\u00a0\u00bb _builder_version=\u00a0\u00bb3.23&Prime; global_colors_info=\u00a0\u00bb{}\u00a0\u00bb][\/et_pb_image][\/et_pb_column][et_pb_column type=\u00a0\u00bb3_4&Prime; _builder_version=\u00a0\u00bb3.25&Prime; custom_padding=\u00a0\u00bb|||\u00a0\u00bb global_colors_info=\u00a0\u00bb{}\u00a0\u00bb custom_padding__hover=\u00a0\u00bb|||\u00a0\u00bb][et_pb_text _builder_version=\u00a0\u00bb3.27.4&Prime; text_font=\u00a0\u00bbLato||||||||\u00a0\u00bb text_font_size=\u00a0\u00bb16px\u00a0\u00bb text_line_height=\u00a0\u00bb1.8em\u00a0\u00bb header_text_align=\u00a0\u00bbjustify\u00a0\u00bb global_colors_info=\u00a0\u00bb{}\u00a0\u00bb]<\/p>\n<h1 style=\"text-align: left;\"><strong>Partenaire pour le Prix Rel\u00e8ve TI en Sant\u00e9<\/strong><\/h1>\n<h2 style=\"text-align: left;\">Minist\u00e8re de la Sant\u00e9 et des Services sociaux (MSSS)<\/h2>\n<p>Dans une perspective d\u2019am\u00e9lioration de la sant\u00e9 et du bien-\u00eatre de la population, le MSSS d\u00e9termine les priorit\u00e9s, les objectifs et les orientations dans le domaine de la sant\u00e9 et des services sociaux, et veille \u00e0 leur application. Notre vision : assurer des soins de sant\u00e9 et des services sociaux accessibles et efficients, qui s\u2019adaptent aux besoins des Qu\u00e9b\u00e9cois.<\/p>\n<p><a href=\"http:\/\/www.msss.gouv.qc.ca\">www.msss.gouv.qc.ca<\/a><\/p>\n<p><a href=\"https:\/\/twitter.com\/sante_qc\"><img loading=\"lazy\" decoding=\"async\" class=\"alignnone wp-image-535 size-full\" src=\"https:\/\/www.lepointensante.com\/gala\/wp-content\/uploads\/sites\/13\/2019\/04\/Screen-Shot-2019-04-30-at-2.38.45-PM.png\" alt=\"\" width=\"28\" height=\"32\" \/><\/a>\u00a0<a href=\"https:\/\/www.linkedin.com\/company\/ministere-sante-services-sociaux\/\"><img loading=\"lazy\" decoding=\"async\" class=\"alignnone wp-image-536 size-full\" src=\"https:\/\/www.lepointensante.com\/gala\/wp-content\/uploads\/sites\/13\/2019\/04\/Screen-Shot-2019-04-30-at-2.38.34-PM.png\" alt=\"\" width=\"39\" height=\"30\" \/><\/a><a href=\"https:\/\/www.facebook.com\/SanteServicesSociauxQuebec\/\"><img loading=\"lazy\" decoding=\"async\" class=\"alignnone wp-image-537 size-full\" src=\"https:\/\/www.lepointensante.com\/gala\/wp-content\/uploads\/sites\/13\/2019\/04\/Screen-Shot-2019-04-30-at-2.38.24-PM.png\" alt=\"\" width=\"22\" height=\"30\" \/><\/a><\/p>\n<p>[\/et_pb_text][\/et_pb_column][\/et_pb_row][et_pb_row column_structure=\u00a0\u00bb1_4,3_4&Prime; _builder_version=\u00a0\u00bb3.25&Prime; background_size=\u00a0\u00bbinitial\u00a0\u00bb background_position=\u00a0\u00bbtop_left\u00a0\u00bb background_repeat=\u00a0\u00bbrepeat\u00a0\u00bb global_colors_info=\u00a0\u00bb{}\u00a0\u00bb][et_pb_column type=\u00a0\u00bb1_4&Prime; _builder_version=\u00a0\u00bb3.25&Prime; custom_padding=\u00a0\u00bb|||\u00a0\u00bb global_colors_info=\u00a0\u00bb{}\u00a0\u00bb custom_padding__hover=\u00a0\u00bb|||\u00a0\u00bb][et_pb_image src=\u00a0\u00bbhttps:\/\/www.lepointensante.com\/gala\/wp-content\/uploads\/sites\/13\/2020\/05\/Logibec_logo.png\u00a0\u00bb url=\u00a0\u00bbhttps:\/\/www.logibec.com\/\u00a0\u00bb url_new_window=\u00a0\u00bbon\u00a0\u00bb align_tablet=\u00a0\u00bbcenter\u00a0\u00bb align_phone=\u00a0\u00bb\u00a0\u00bb align_last_edited=\u00a0\u00bbon|desktop\u00a0\u00bb _builder_version=\u00a0\u00bb3.23&Prime; max_width=\u00a0\u00bb90%\u00a0\u00bb global_colors_info=\u00a0\u00bb{}\u00a0\u00bb][\/et_pb_image][\/et_pb_column][et_pb_column type=\u00a0\u00bb3_4&Prime; _builder_version=\u00a0\u00bb3.25&Prime; custom_padding=\u00a0\u00bb|||\u00a0\u00bb global_colors_info=\u00a0\u00bb{}\u00a0\u00bb custom_padding__hover=\u00a0\u00bb|||\u00a0\u00bb][et_pb_text _builder_version=\u00a0\u00bb4.0.10&Prime; text_font=\u00a0\u00bbLato||||||||\u00a0\u00bb text_font_size=\u00a0\u00bb16px\u00a0\u00bb text_line_height=\u00a0\u00bb1.8em\u00a0\u00bb header_text_align=\u00a0\u00bbjustify\u00a0\u00bb global_colors_info=\u00a0\u00bb{}\u00a0\u00bb]<\/p>\n<h1 style=\"text-align: left;\"><strong>Partenaire | Prix Intelligence artificielle<\/strong><\/h1>\n<h2 style=\"text-align: left;\">Logibec, la performance en sant\u00e9<\/h2>\n<p>Reconnue dans le domaine des soins de sant\u00e9, Logibec se diff\u00e9rencie par la recherche de solutions ax\u00e9es sur l\u2019\u00e9volution du parcours patient ainsi que sur l&rsquo;optimisation des processus hospitaliers afin d&rsquo;am\u00e9liorer l&rsquo;acc\u00e8s aux soins de sant\u00e9 au Qu\u00e9bec.<\/p>\n<p><a href=\"https:\/\/www.logibec.com\/\" target=\"_blank\" rel=\"noopener noreferrer\">www.logibec.com<\/a><\/p>\n<p><a href=\"https:\/\/twitter.com\/logibeccanada?lang=fr\" target=\"_blank\" rel=\"noopener noreferrer\"><img loading=\"lazy\" decoding=\"async\" class=\"alignnone wp-image-535 size-full\" src=\"https:\/\/www.lepointensante.com\/gala\/wp-content\/uploads\/sites\/13\/2019\/04\/Screen-Shot-2019-04-30-at-2.38.45-PM.png\" alt=\"\" width=\"28\" height=\"32\" \/><\/a>\u00a0<a href=\"https:\/\/fr.linkedin.com\/company\/logibec\" target=\"_blank\" rel=\"noopener noreferrer\"><img loading=\"lazy\" decoding=\"async\" class=\"alignnone wp-image-536 size-full\" src=\"https:\/\/www.lepointensante.com\/gala\/wp-content\/uploads\/sites\/13\/2019\/04\/Screen-Shot-2019-04-30-at-2.38.34-PM.png\" alt=\"\" width=\"39\" height=\"30\" \/><\/a><a href=\"https:\/\/www.facebook.com\/Logibec\/\" target=\"_blank\" rel=\"noopener noreferrer\"><img loading=\"lazy\" decoding=\"async\" class=\"alignnone wp-image-537 size-full\" src=\"https:\/\/www.lepointensante.com\/gala\/wp-content\/uploads\/sites\/13\/2019\/04\/Screen-Shot-2019-04-30-at-2.38.24-PM.png\" alt=\"\" width=\"22\" height=\"30\" \/><\/a><\/p>\n<p>[\/et_pb_text][\/et_pb_column][\/et_pb_row][et_pb_row column_structure=\u00a0\u00bb1_4,3_4&Prime; _builder_version=\u00a0\u00bb3.25&Prime; background_size=\u00a0\u00bbinitial\u00a0\u00bb background_position=\u00a0\u00bbtop_left\u00a0\u00bb background_repeat=\u00a0\u00bbrepeat\u00a0\u00bb global_colors_info=\u00a0\u00bb{}\u00a0\u00bb][et_pb_column type=\u00a0\u00bb1_4&Prime; _builder_version=\u00a0\u00bb3.25&Prime; custom_padding=\u00a0\u00bb|||\u00a0\u00bb global_colors_info=\u00a0\u00bb{}\u00a0\u00bb custom_padding__hover=\u00a0\u00bb|||\u00a0\u00bb][et_pb_image src=\u00a0\u00bbhttps:\/\/www.lepointensante.com\/gala\/wp-content\/uploads\/sites\/13\/2021\/10\/logo-octopus.png\u00a0\u00bb title_text=\u00a0\u00bblogo octopus\u00a0\u00bb url=\u00a0\u00bbhttps:\/\/www.octopus-itsm.com\/\u00a0\u00bb url_new_window=\u00a0\u00bbon\u00a0\u00bb align_tablet=\u00a0\u00bbcenter\u00a0\u00bb align_phone=\u00a0\u00bb\u00a0\u00bb align_last_edited=\u00a0\u00bbon|desktop\u00a0\u00bb _builder_version=\u00a0\u00bb4.11.1&Prime; max_width=\u00a0\u00bb90%\u00a0\u00bb global_colors_info=\u00a0\u00bb{}\u00a0\u00bb][\/et_pb_image][\/et_pb_column][et_pb_column type=\u00a0\u00bb3_4&Prime; _builder_version=\u00a0\u00bb3.25&Prime; custom_padding=\u00a0\u00bb|||\u00a0\u00bb global_colors_info=\u00a0\u00bb{}\u00a0\u00bb custom_padding__hover=\u00a0\u00bb|||\u00a0\u00bb][et_pb_text _builder_version=\u00a0\u00bb4.11.1&Prime; text_font=\u00a0\u00bbLato||||||||\u00a0\u00bb text_font_size=\u00a0\u00bb16px\u00a0\u00bb text_line_height=\u00a0\u00bb1.8em\u00a0\u00bb header_text_align=\u00a0\u00bbjustify\u00a0\u00bb global_colors_info=\u00a0\u00bb{}\u00a0\u00bb]<\/p>\n<h1 style=\"text-align: left;\"><strong>Partenaire | Prix \u00c9quipe clinique innovante<\/strong><\/h1>\n<h2 style=\"text-align: left;\">Octopus<\/h2>\n<p><strong>Des solutions clinico-administratives innovantes <\/strong><\/p>\n<p>Octopus vise \u00e0 moderniser le r\u00e9seau de la sant\u00e9 et des services sociaux gr\u00e2ce \u00e0 des solutions technologiques innovantes et pr\u00e9configur\u00e9es autour des meilleures pratiques, afin de rendre disponible l\u2019information en temps r\u00e9el et ainsi apporter une r\u00e9elle valeur ajout\u00e9e aux professionnels et aux gestionnaires.<\/p>\n<p><a href=\"https:\/\/www.octopus-itsm.com\/\" target=\"_blank\" rel=\"noopener\">https:\/\/www.octopus-itsm.com\/<\/a><\/p>\n<p><a href=\"https:\/\/www.linkedin.com\/company\/octopus-itsm-com\/\" target=\"_blank\" rel=\"noopener noreferrer\"><img loading=\"lazy\" decoding=\"async\" class=\"alignnone wp-image-536 size-full\" src=\"https:\/\/www.lepointensante.com\/gala\/wp-content\/uploads\/sites\/13\/2019\/04\/Screen-Shot-2019-04-30-at-2.38.34-PM.png\" alt=\"\" width=\"39\" height=\"30\" \/><\/a><\/p>\n<p><a href=\"https:\/\/www.facebook.com\/Logibec\/\" target=\"_blank\" rel=\"noopener noreferrer\"><\/a><\/p>\n<p>[\/et_pb_text][\/et_pb_column][\/et_pb_row][et_pb_row _builder_version=\u00a0\u00bb4.0.10&Prime; global_colors_info=\u00a0\u00bb{}\u00a0\u00bb][et_pb_column type=\u00a0\u00bb4_4&Prime; _builder_version=\u00a0\u00bb4.0.10&Prime; global_colors_info=\u00a0\u00bb{}\u00a0\u00bb][\/et_pb_column][\/et_pb_row][\/et_pb_section]<\/p>\n","protected":false},"excerpt":{"rendered":"<p>Pr\u00e9sent\u00e9 dans le cadre du Colloque Informatique Sant\u00e9 \u00a0 DEVENIR PARTENAIRE Vous souhaitez devenir partenaire du Gala des Prix TI en Sant\u00e9 et Services Sociaux pour l&rsquo;\u00e9dition 2020? Vous aimeriez d\u00e9dicacer un prix pour souligner les grandes r\u00e9alisations du r\u00e9seau de la sant\u00e9 et des entreprises en sant\u00e9 num\u00e9rique? Sachez que vous pouvez faire partie [&hellip;]<\/p>\n","protected":false},"author":16,"featured_media":0,"parent":0,"menu_order":0,"comment_status":"closed","ping_status":"closed","template":"","meta":{"_acf_changed":false,"_et_pb_use_builder":"on","_et_pb_old_content":"","_et_gb_content_width":"","_exactmetrics_skip_tracking":false,"_exactmetrics_sitenote_active":false,"_exactmetrics_sitenote_note":"","_exactmetrics_sitenote_category":0,"footnotes":""},"class_list":["post-18","page","type-page","status-publish","hentry"],"acf":[],"_links":{"self":[{"href":"https:\/\/www.lepointensante.com\/gala\/wp-json\/wp\/v2\/pages\/18","targetHints":{"allow":["GET"]}}],"collection":[{"href":"https:\/\/www.lepointensante.com\/gala\/wp-json\/wp\/v2\/pages"}],"about":[{"href":"https:\/\/www.lepointensante.com\/gala\/wp-json\/wp\/v2\/types\/page"}],"author":[{"embeddable":true,"href":"https:\/\/www.lepointensante.com\/gala\/wp-json\/wp\/v2\/users\/16"}],"replies":[{"embeddable":true,"href":"https:\/\/www.lepointensante.com\/gala\/wp-json\/wp\/v2\/comments?post=18"}],"version-history":[{"count":63,"href":"https:\/\/www.lepointensante.com\/gala\/wp-json\/wp\/v2\/pages\/18\/revisions"}],"predecessor-version":[{"id":1883,"href":"https:\/\/www.lepointensante.com\/gala\/wp-json\/wp\/v2\/pages\/18\/revisions\/1883"}],"wp:attachment":[{"href":"https:\/\/www.lepointensante.com\/gala\/wp-json\/wp\/v2\/media?parent=18"}],"curies":[{"name":"wp","href":"https:\/\/api.w.org\/{rel}","templated":true}]}}