{"id":1142,"date":"2020-02-19T15:51:12","date_gmt":"2020-02-19T14:51:12","guid":{"rendered":"https:\/\/www.lepointensante.com\/informatique-sante\/?page_id=1142"},"modified":"2020-11-14T06:39:55","modified_gmt":"2020-11-14T05:39:55","slug":"programmation-2020","status":"publish","type":"page","link":"https:\/\/www.lepointensante.com\/informatique-sante\/programmation-2020\/","title":{"rendered":"Programmation 2020"},"content":{"rendered":"<p>[et_pb_section fb_built=\u00a0\u00bb1&Prime; _builder_version=\u00a0\u00bb4.0.10&Prime; background_image=\u00a0\u00bbhttps:\/\/www.lepointensante.com\/informatique-sante\/wp-content\/uploads\/sites\/4\/2020\/06\/Ent\u00eate_pageIS.png\u00a0\u00bb parallax=\u00a0\u00bbon\u00a0\u00bb parallax_method=\u00a0\u00bboff\u00a0\u00bb][et_pb_row _builder_version=\u00a0\u00bb4.0.10&Prime;][et_pb_column type=\u00a0\u00bb4_4&Prime; _builder_version=\u00a0\u00bb4.0.10&Prime;][\/et_pb_column][\/et_pb_row][et_pb_row _builder_version=\u00a0\u00bb4.0.10&Prime;][et_pb_column type=\u00a0\u00bb4_4&Prime; _builder_version=\u00a0\u00bb4.0.10&Prime;][\/et_pb_column][\/et_pb_row][et_pb_row _builder_version=\u00a0\u00bb4.0.10&Prime;][et_pb_column type=\u00a0\u00bb4_4&Prime; _builder_version=\u00a0\u00bb4.0.10&Prime;][\/et_pb_column][\/et_pb_row][et_pb_row _builder_version=\u00a0\u00bb4.0.10&Prime;][et_pb_column type=\u00a0\u00bb4_4&Prime; _builder_version=\u00a0\u00bb4.0.10&Prime;][\/et_pb_column][\/et_pb_row][et_pb_row _builder_version=\u00a0\u00bb4.0.10&Prime;][et_pb_column type=\u00a0\u00bb4_4&Prime; _builder_version=\u00a0\u00bb4.0.10&Prime;][\/et_pb_column][\/et_pb_row][et_pb_row module_class=\u00a0\u00bb et_pb_row_fullwidth\u00a0\u00bb _builder_version=\u00a0\u00bb4.0.10&Prime; width=\u00a0\u00bb89%\u00a0\u00bb width_tablet=\u00a0\u00bb80%\u00a0\u00bb width_phone=\u00a0\u00bb\u00a0\u00bb width_last_edited=\u00a0\u00bbon|desktop\u00a0\u00bb max_width=\u00a0\u00bb89%\u00a0\u00bb max_width_tablet=\u00a0\u00bb80%\u00a0\u00bb max_width_phone=\u00a0\u00bb\u00a0\u00bb max_width_last_edited=\u00a0\u00bbon|desktop\u00a0\u00bb make_fullwidth=\u00a0\u00bbon\u00a0\u00bb][et_pb_column type=\u00a0\u00bb4_4&Prime; _builder_version=\u00a0\u00bb3.25&Prime; custom_padding=\u00a0\u00bb|||\u00a0\u00bb custom_padding__hover=\u00a0\u00bb|||\u00a0\u00bb][et_pb_text admin_label=\u00a0\u00bbTITRE PAGE\u00a0\u00bb _builder_version=\u00a0\u00bb4.0.10&Prime; text_font=\u00a0\u00bbArial|700|||||||\u00a0\u00bb header_font=\u00a0\u00bbLato||||||||\u00a0\u00bb header_text_color=\u00a0\u00bb#ffffff\u00a0\u00bb header_2_font=\u00a0\u00bbLato||||||||\u00a0\u00bb header_2_text_color=\u00a0\u00bb#ffffff\u00a0\u00bb header_2_font_size=\u00a0\u00bb68px\u00a0\u00bb header_2_line_height=\u00a0\u00bb1.1em\u00a0\u00bb]<\/p>\n<h2 style=\"text-align: center;\"><strong>Section<\/strong><b><\/b><\/h2>\n<h2 style=\"text-align: center;\"><b>Programmation<\/b><\/h2>\n<p>[\/et_pb_text][\/et_pb_column][\/et_pb_row][et_pb_row _builder_version=\u00a0\u00bb4.0.10&Prime;][et_pb_column type=\u00a0\u00bb4_4&Prime; _builder_version=\u00a0\u00bb4.0.10&Prime;][\/et_pb_column][\/et_pb_row][\/et_pb_section][et_pb_section fb_built=\u00a0\u00bb1&Prime; _builder_version=\u00a0\u00bb3.22&Prime;][et_pb_row _builder_version=\u00a0\u00bb4.0.10&Prime;][et_pb_column type=\u00a0\u00bb4_4&Prime; _builder_version=\u00a0\u00bb4.0.10&Prime;][et_pb_text _builder_version=\u00a0\u00bb4.0.10&Prime; text_font=\u00a0\u00bbLato||||||||\u00a0\u00bb hover_enabled=\u00a0\u00bb0&Prime;]<\/p>\n<p><img loading=\"lazy\" decoding=\"async\" src=\"https:\/\/www.lepointensante.com\/informatique-sante\/wp-content\/uploads\/sites\/4\/2020\/10\/Banni\u00e8reNEWNEWNEW-scaled.jpg\" width=\"2560\" height=\"763\" alt=\"\" class=\"wp-image-1866 alignnone size-full\" srcset=\"https:\/\/www.lepointensante.com\/informatique-sante\/wp-content\/uploads\/sites\/4\/2020\/10\/Banni\u00e8reNEWNEWNEW-scaled.jpg 2560w, https:\/\/www.lepointensante.com\/informatique-sante\/wp-content\/uploads\/sites\/4\/2020\/10\/Banni\u00e8reNEWNEWNEW-300x89.jpg 300w, https:\/\/www.lepointensante.com\/informatique-sante\/wp-content\/uploads\/sites\/4\/2020\/10\/Banni\u00e8reNEWNEWNEW-1024x305.jpg 1024w, https:\/\/www.lepointensante.com\/informatique-sante\/wp-content\/uploads\/sites\/4\/2020\/10\/Banni\u00e8reNEWNEWNEW-768x229.jpg 768w, https:\/\/www.lepointensante.com\/informatique-sante\/wp-content\/uploads\/sites\/4\/2020\/10\/Banni\u00e8reNEWNEWNEW-1536x458.jpg 1536w, https:\/\/www.lepointensante.com\/informatique-sante\/wp-content\/uploads\/sites\/4\/2020\/10\/Banni\u00e8reNEWNEWNEW-2048x611.jpg 2048w, https:\/\/www.lepointensante.com\/informatique-sante\/wp-content\/uploads\/sites\/4\/2020\/10\/Banni\u00e8reNEWNEWNEW-1080x322.jpg 1080w, https:\/\/www.lepointensante.com\/informatique-sante\/wp-content\/uploads\/sites\/4\/2020\/10\/Banni\u00e8reNEWNEWNEW-1280x382.jpg 1280w, https:\/\/www.lepointensante.com\/informatique-sante\/wp-content\/uploads\/sites\/4\/2020\/10\/Banni\u00e8reNEWNEWNEW-980x292.jpg 980w, https:\/\/www.lepointensante.com\/informatique-sante\/wp-content\/uploads\/sites\/4\/2020\/10\/Banni\u00e8reNEWNEWNEW-480x143.jpg 480w, https:\/\/www.lepointensante.com\/informatique-sante\/wp-content\/uploads\/sites\/4\/2020\/10\/Banni\u00e8reNEWNEWNEW-1320x394.jpg 1320w, https:\/\/www.lepointensante.com\/informatique-sante\/wp-content\/uploads\/sites\/4\/2020\/10\/Banni\u00e8reNEWNEWNEW-600x179.jpg 600w\" sizes=\"auto, (max-width: 2560px) 100vw, 2560px\" \/><\/p>\n<h4><strong>Programmation g\u00e9n\u00e9rale<\/strong><strong>\u00a0<\/strong><\/h4>\n<p><strong><\/strong><\/p>\n<p><strong>8 h 30<\/strong> Mot d\u2019ouverture<\/p>\n<p><em><strong>Normand Bouchard<\/strong><\/em>, pr\u00e9sident, Le Point en sant\u00e9 et services sociaux<\/p>\n<p>&nbsp;<\/p>\n<p><strong>8 h 32<\/strong> Mot de bienvenue<\/p>\n<p><em><strong>Steve Waterhouse<\/strong><\/em>, animateur et sp\u00e9cialiste en s\u00e9curit\u00e9 des technologies de l\u2019information<\/p>\n<p>&nbsp;<\/p>\n<p><strong>8 h 35<\/strong> Mot du commanditaire principal<\/p>\n<p><em><strong>Marc P. Brunet<\/strong><\/em>, pr\u00e9sident et chef de la direction, Logibec<\/p>\n<p>&nbsp;<\/p>\n<p><strong>8 h 50 <\/strong>Pr\u00e9sentation sp\u00e9ciale<\/p>\n<p><em><strong>Patrice Gilbert<\/strong><\/em>, pr\u00e9sident-directeur g\u00e9n\u00e9ral, PetalMD<\/p>\n<p><strong>\u00a0<\/strong><\/p>\n<p><strong>9 h 00<\/strong> <strong>Grande conf\u00e9rence<\/strong> D\u2019hier \u00e0 aujourd\u2019hui\u2026 vers demain<\/p>\n<p><em><strong>Luc Bouchard<\/strong><\/em>, sous-ministre associ\u00e9, Direction g\u00e9n\u00e9rale des technologies de l\u2019information, Minist\u00e8re de la Sant\u00e9 et des Services sociaux<\/p>\n<p>&nbsp;<\/p>\n<p><strong>9 h 30<\/strong> <strong>Conf\u00e9rence<\/strong> Programme de Dossier de sant\u00e9 num\u00e9rique<\/p>\n<p><em><strong>Philippe Lottin<\/strong><\/em>, directeur g\u00e9n\u00e9ral adjoint des projets d\u2019unification et du bureau de projets, Minist\u00e8re de la Sant\u00e9 et des Services sociaux<\/p>\n<p>&nbsp;<\/p>\n<p><strong>10 h 00<\/strong> <strong>Pause et visite du salon d\u2019exposition virtuel<\/strong><\/p>\n<p><strong><\/strong><\/p>\n<p><strong><\/strong><\/p>\n<p><strong>Premi\u00e8re s\u00e9rie d\u2019ateliers<\/strong><\/p>\n<p><strong>10 h 30 <\/strong>En contexte de crise sanitaire et de stress du personnel clinique\u00a0: introduire et utiliser une technologie ayant le potentiel de faciliter le travail des infirmi\u00e8res (sous forme de panel)<\/p>\n<p><strong><em>Pan\u00e9listes:<\/em><\/strong><\/p>\n<p><em><strong>Joanne Guay<\/strong><\/em>, directrice des technologies de l\u2019information et des t\u00e9l\u00e9communications, CHUM<\/p>\n<p><em><strong>Kiet-Van Luong<\/strong><\/em>, conseiller-cadre en transition num\u00e9rique, profile clinique et domaine d\u2019affaires, \u00e9quipe de l\u2019H\u00f4pital Num\u00e9rique, Institut de cardiologie de Montr\u00e9al<\/p>\n<p><strong><em>Mod\u00e9ratrice:<\/em><\/strong><\/p>\n<p><em><strong>H\u00e9l\u00e8ne Fr\u00e9geau<\/strong><\/em>, sp\u00e9cialiste activit\u00e9s cliniques \u00e0 la direction des technologies l\u2019information et des t\u00e9l\u00e9communications, CHUM<\/p>\n<p><strong>10 h 45 <\/strong>L&rsquo;acc\u00e8s aux donn\u00e9es en sant\u00e9, un atout majeur dans la gestion de crise<\/p>\n<p><em><strong>Marie-Jos\u00e9e Letendre<\/strong><\/em>, Infirmi\u00e8re Bacheli\u00e8re, Sp\u00e9cialiste Sant\u00e9<\/p>\n<p><strong>11 h 00 <\/strong>La t\u00e9l\u00e9m\u00e9decine et son impact sur l\u2019exercice de la m\u00e9decine<\/p>\n<p><em><strong>Dr Abdo Shabah<\/strong><\/em>, membre du conseil d\u2019administration et porte-parole, Association m\u00e9dicale canadienne (AMC)<\/p>\n<p><strong>11 h 15 <\/strong>Comment rem\u00e9dier aux lacunes m\u00e9dico-administratives mises en lumi\u00e8re par la pand\u00e9mie\u2009?<\/p>\n<p><em><strong>Patrice Gilbert<\/strong><\/em>, pr\u00e9sident-directeur g\u00e9n\u00e9ral, PetalMD<\/p>\n<p>&nbsp;<\/p>\n<p><strong>12 h 00<\/strong> <strong>D\u00eener et visite du Salon d\u2019exposition virtuel<\/strong><\/p>\n<p>&nbsp;<\/p>\n<p><strong>Deuxi\u00e8me s\u00e9rie d\u2019ateliers<\/strong><\/p>\n<p><strong>12 h 45 <\/strong>T\u00e9l\u00e9pharmacie en soutien aux \u00e9quipes de premi\u00e8re ligne<\/p>\n<p><em><strong>Alexandre Chagnon<\/strong><\/em>, Pharmacien, D\u00c9SS Informatique de la sant\u00e9<\/p>\n<p><strong>13 h 00 <\/strong>La conformit\u00e9 des innovations en sant\u00e9: un moteur ou un frein?<\/p>\n<p><em><strong>Mathieu Blais D&rsquo;Amours<\/strong><\/em>, vice-pr\u00e9sident, Braver inc.<\/p>\n<p><strong>13 h 15 <\/strong>Pour un meilleur \u00e9quilibre de la charge de travail quotidienne<\/p>\n<p><em><strong>Annie Lefebvre<\/strong><\/em>, Gestionnaire de produits, Logibec<\/p>\n<p><em><strong>Vincent Morissette-Thomas<\/strong><\/em>, Scientifique de donn\u00e9es, Logibec<\/p>\n<p><em><strong>Christiane Adam<\/strong><\/em>, Directrice principale, Gestion de Produit, Logibec<\/p>\n<p><strong>13 h 30 <\/strong>Comment r\u00e9pondre rapidement aux exigences reli\u00e9es au COVID-19 avec Amazon Web Services (AWS)<\/p>\n<p><em><strong>Rejean Bourgault<\/strong><\/em>, Leader National &#8211; Secteur Public, Amazon Web Services Canada (AWS)<\/p>\n<p>&nbsp;<\/p>\n<p><strong>14 h 15<\/strong> <strong>Pause et visite du salon d\u2019exposition virtuel<\/strong><\/p>\n<p>&nbsp;<\/p>\n<p><strong>Troisi\u00e8me s\u00e9rie d\u2019ateliers\u00a0\u00a0\u00a0\u00a0\u00a0 <\/strong><\/p>\n<p><strong>14 h 45<\/strong> Les grands chantiers minist\u00e9riels des soins virtuels en soutien \u00e0 la transformation num\u00e9rique<\/p>\n<p><em><strong>M\u00e9lanie Caron<\/strong><\/em>, B.Pharm ICD.D, conseill\u00e8re sp\u00e9ciale Pharmacie et T\u00e9l\u00e9sant\u00e9, Minist\u00e8re de la Sant\u00e9 et des Services sociaux du Qu\u00e9bec<\/p>\n<p><em><strong>Isabelle Th\u00e9berge<\/strong><\/em>, coordonnatrice technologique t\u00e9l\u00e9sant\u00e9, Direction g\u00e9n\u00e9rale des technologies de l\u2019information, Minist\u00e8re de la Sant\u00e9 et des Services sociaux<\/p>\n<p><strong>15 h 00<\/strong> Transformation num\u00e9rique \u2013 Sant\u00e9 Qu\u00e9bec<\/p>\n<p><em><strong>S\u00e9bastien-Charles Mussely<\/strong><\/em>, gestionnaire de comptes \u2013 March\u00e9 gouvernement du Qu\u00e9bec, Red Hat<\/p>\n<p><strong>15 h 15<\/strong> Un premier CHSLD Priv\u00e9 Num\u00e9rique<\/p>\n<p><em><strong>Jean Fratelli<\/strong><\/em>, pr\u00e9sident-directeur g\u00e9n\u00e9ral, Services d\u2019int\u00e9gration ProFrat<\/p>\n<p><em><strong>Yolaine Lapointe<\/strong><\/em>, pr\u00e9sidente-directrice g\u00e9n\u00e9rale, YoMedIA<\/p>\n<p><strong>15 h 30<\/strong> La collaboration en milieu hospitalier<\/p>\n<p><em><strong>Sylvain Cadoret<\/strong><\/em>, directeur de comptes, Microsoft<\/p>\n<p><em><strong>Mario\u00a0Lafond<\/strong><\/em>, conseiller en strat\u00e9gies technologiques \u2013 secteur public, Microsoft<\/p>\n<p><strong>\u00a0<\/strong><\/p>\n<p><strong>16 h 15<\/strong> <strong>Grande conf\u00e9rence<\/strong> Plan de transformation num\u00e9rique et Unit\u00e9 de coordination des normes pour l\u2019interop\u00e9rabilit\u00e9 (UCNI)<\/p>\n<p><em><strong>Daniel Sirois<\/strong><\/em>, conseiller strat\u00e9gique \u2013 Transformation num\u00e9rique du SSSS, Direction g\u00e9n\u00e9rale des technologies de l\u2019information, Minist\u00e8re de la Sant\u00e9 et des Services sociaux<\/p>\n<p><em><strong>Louise Fortin<\/strong><\/em>, directrice de la mise en \u0153uvre des grands projets et des relations avec les partenaires, Minist\u00e8re de la Sant\u00e9 et des Services sociaux<\/p>\n<p>&nbsp;<\/p>\n<p><strong>17 h 00<\/strong> Allocution | Mot de cl\u00f4ture<\/p>\n<p><em><strong>Lionel Carmant<\/strong><\/em>, ministre d\u00e9l\u00e9gu\u00e9 \u00e0 la Sant\u00e9 et aux Services sociaux<\/p>\n<p>[\/et_pb_text][\/et_pb_column][\/et_pb_row][et_pb_row _builder_version=\u00a0\u00bb3.25&Prime; background_size=\u00a0\u00bbinitial\u00a0\u00bb background_position=\u00a0\u00bbtop_left\u00a0\u00bb background_repeat=\u00a0\u00bbrepeat\u00a0\u00bb][et_pb_column type=\u00a0\u00bb4_4&Prime; _builder_version=\u00a0\u00bb3.25&Prime; custom_padding=\u00a0\u00bb|||\u00a0\u00bb custom_padding__hover=\u00a0\u00bb|||\u00a0\u00bb][\/et_pb_column][\/et_pb_row][\/et_pb_section]<\/p>\n","protected":false},"excerpt":{"rendered":"<p>Section Programmation Programmation g\u00e9n\u00e9rale\u00a0 8 h 30 Mot d\u2019ouverture Normand Bouchard, pr\u00e9sident, Le Point en sant\u00e9 et services sociaux &nbsp; 8 h 32 Mot de bienvenue Steve Waterhouse, animateur et sp\u00e9cialiste en s\u00e9curit\u00e9 des technologies de l\u2019information &nbsp; 8 h 35 Mot du commanditaire principal Marc P. Brunet, pr\u00e9sident et chef de la direction, Logibec [&hellip;]<\/p>\n","protected":false},"author":1,"featured_media":0,"parent":0,"menu_order":0,"comment_status":"closed","ping_status":"closed","template":"","meta":{"_acf_changed":false,"_et_pb_use_builder":"on","_et_pb_old_content":"","_et_gb_content_width":"","_exactmetrics_skip_tracking":false,"_exactmetrics_sitenote_active":false,"_exactmetrics_sitenote_note":"","_exactmetrics_sitenote_category":0,"footnotes":""},"class_list":["post-1142","page","type-page","status-publish","hentry"],"acf":[],"_links":{"self":[{"href":"https:\/\/www.lepointensante.com\/informatique-sante\/wp-json\/wp\/v2\/pages\/1142","targetHints":{"allow":["GET"]}}],"collection":[{"href":"https:\/\/www.lepointensante.com\/informatique-sante\/wp-json\/wp\/v2\/pages"}],"about":[{"href":"https:\/\/www.lepointensante.com\/informatique-sante\/wp-json\/wp\/v2\/types\/page"}],"author":[{"embeddable":true,"href":"https:\/\/www.lepointensante.com\/informatique-sante\/wp-json\/wp\/v2\/users\/1"}],"replies":[{"embeddable":true,"href":"https:\/\/www.lepointensante.com\/informatique-sante\/wp-json\/wp\/v2\/comments?post=1142"}],"version-history":[{"count":36,"href":"https:\/\/www.lepointensante.com\/informatique-sante\/wp-json\/wp\/v2\/pages\/1142\/revisions"}],"predecessor-version":[{"id":2303,"href":"https:\/\/www.lepointensante.com\/informatique-sante\/wp-json\/wp\/v2\/pages\/1142\/revisions\/2303"}],"wp:attachment":[{"href":"https:\/\/www.lepointensante.com\/informatique-sante\/wp-json\/wp\/v2\/media?parent=1142"}],"curies":[{"name":"wp","href":"https:\/\/api.w.org\/{rel}","templated":true}]}}