{"id":2347,"date":"2021-02-08T16:10:39","date_gmt":"2021-02-08T15:10:39","guid":{"rendered":"https:\/\/www.lepointensante.com\/informatique-sante\/?page_id=2347"},"modified":"2021-02-08T16:11:20","modified_gmt":"2021-02-08T15:11:20","slug":"2347-2","status":"publish","type":"page","link":"https:\/\/www.lepointensante.com\/informatique-sante\/2347-2\/","title":{"rendered":"Conf\u00e9rences 2021"},"content":{"rendered":"\n[et_pb_section fb_built=\u00a0\u00bb1&Prime; _builder_version=\u00a0\u00bb4.0.10&Prime; background_image=\u00a0\u00bbhttps:\/\/www.lepointensante.com\/informatique-sante\/wp-content\/uploads\/sites\/4\/2020\/06\/Ent\u00eate_pageIS.png\u00a0\u00bb parallax=\u00a0\u00bbon\u00a0\u00bb global_module=\u00a0\u00bb140&Prime;][et_pb_row _builder_version=\u00a0\u00bb4.0.10&Prime;][et_pb_column type=\u00a0\u00bb4_4&Prime; _builder_version=\u00a0\u00bb4.0.10&Prime;][\/et_pb_column][\/et_pb_row][et_pb_row _builder_version=\u00a0\u00bb4.0.10&Prime;][et_pb_column type=\u00a0\u00bb4_4&Prime; _builder_version=\u00a0\u00bb4.0.10&Prime;][\/et_pb_column][\/et_pb_row][et_pb_row _builder_version=\u00a0\u00bb3.25&Prime; module_alignment=\u00a0\u00bbright\u00a0\u00bb][et_pb_column type=\u00a0\u00bb4_4&Prime; _builder_version=\u00a0\u00bb3.25&Prime; custom_padding=\u00a0\u00bb|||\u00a0\u00bb custom_padding__hover=\u00a0\u00bb|||\u00a0\u00bb][et_pb_button button_url=\u00a0\u00bbhttps:\/\/forms.zohopublic.com\/lepointensante\/form\/Appeldepropositionsdeconfrenceis\/formperma\/d7Be-Co8kiFW_i_dh6Yqg3iBUNXpwr15uUehAFEVR0o\u00a0\u00bb url_new_window=\u00a0\u00bbon\u00a0\u00bb button_text=\u00a0\u00bbAPPEL DE PROPOSITIONS\u00a0\u00bb button_alignment=\u00a0\u00bbcenter\u00a0\u00bb disabled_on=\u00a0\u00bbon|on|on\u00a0\u00bb _builder_version=\u00a0\u00bb4.0.10&Prime; custom_button=\u00a0\u00bbon\u00a0\u00bb button_text_size=\u00a0\u00bb20px\u00a0\u00bb button_bg_color=\u00a0\u00bb#2138ed\u00a0\u00bb button_border_color=\u00a0\u00bb#000000&Prime; button_border_radius=\u00a0\u00bb20&Prime; button_font=\u00a0\u00bbLato|700|||||||\u00a0\u00bb background_layout=\u00a0\u00bbdark\u00a0\u00bb disabled=\u00a0\u00bbon\u00a0\u00bb][\/et_pb_button][et_pb_button button_url=\u00a0\u00bbhttp:\/\/www.lepointensante.com\/gala\/\u00a0\u00bb url_new_window=\u00a0\u00bbon\u00a0\u00bb button_text=\u00a0\u00bbGALA DES PRIX TI SSS\u00a0\u00bb button_alignment=\u00a0\u00bbcenter\u00a0\u00bb disabled_on=\u00a0\u00bbon|on|on\u00a0\u00bb _builder_version=\u00a0\u00bb4.0.10&Prime; custom_button=\u00a0\u00bbon\u00a0\u00bb button_text_size=\u00a0\u00bb20px\u00a0\u00bb button_bg_color=\u00a0\u00bb#159992&Prime; button_border_color=\u00a0\u00bb#000000&Prime; button_border_radius=\u00a0\u00bb20&Prime; button_font=\u00a0\u00bbLato|700|||||||\u00a0\u00bb background_layout=\u00a0\u00bbdark\u00a0\u00bb disabled=\u00a0\u00bbon\u00a0\u00bb][\/et_pb_button][\/et_pb_column][\/et_pb_row][et_pb_row _builder_version=\u00a0\u00bb4.0.10&Prime;][et_pb_column type=\u00a0\u00bb4_4&Prime; _builder_version=\u00a0\u00bb4.0.10&Prime;][\/et_pb_column][\/et_pb_row][et_pb_row _builder_version=\u00a0\u00bb4.0.10&Prime;][et_pb_column type=\u00a0\u00bb4_4&Prime; _builder_version=\u00a0\u00bb4.0.10&Prime;][et_pb_button button_url=\u00a0\u00bbhttps:\/\/www.evenementlepointensante.com\/colloque\/informatique-sante-2020\/\u00a0\u00bb button_text=\u00a0\u00bbINSCRIPTION\u00a0\u00bb button_alignment=\u00a0\u00bbcenter\u00a0\u00bb admin_label=\u00a0\u00bbBouton inscription\u00a0\u00bb _builder_version=\u00a0\u00bb4.0.10&Prime; custom_button=\u00a0\u00bbon\u00a0\u00bb button_text_size=\u00a0\u00bb20px\u00a0\u00bb button_bg_color=\u00a0\u00bb#000000&Prime; button_border_color=\u00a0\u00bb#000000&Prime; button_border_radius=\u00a0\u00bb43px\u00a0\u00bb button_font=\u00a0\u00bbLato|700|||||||\u00a0\u00bb background_layout=\u00a0\u00bbdark\u00a0\u00bb][\/et_pb_button][et_pb_button button_url=\u00a0\u00bbhttps:\/\/portail.lepointensante.com\/login\u00a0\u00bb url_new_window=\u00a0\u00bbon\u00a0\u00bb button_text=\u00a0\u00bbACC\u00c8S \u00c0 LA PLATEFORME WEB\u00a0\u00bb button_alignment=\u00a0\u00bbcenter\u00a0\u00bb admin_label=\u00a0\u00bbBouton inscription\u00a0\u00bb _builder_version=\u00a0\u00bb4.0.10&Prime; custom_button=\u00a0\u00bbon\u00a0\u00bb button_text_size=\u00a0\u00bb20px\u00a0\u00bb button_bg_color=\u00a0\u00bb#000000&Prime; button_border_color=\u00a0\u00bb#000000&Prime; button_border_radius=\u00a0\u00bb43px\u00a0\u00bb button_font=\u00a0\u00bbLato|700|||||||\u00a0\u00bb background_layout=\u00a0\u00bbdark\u00a0\u00bb][\/et_pb_button][\/et_pb_column][\/et_pb_row][\/et_pb_section][et_pb_section fb_built=\u00a0\u00bb1&Prime; _builder_version=\u00a0\u00bb3.22&Prime; parallax=\u00a0\u00bbon\u00a0\u00bb][et_pb_row _builder_version=\u00a0\u00bb3.25&Prime;][et_pb_column type=\u00a0\u00bb4_4&Prime; _builder_version=\u00a0\u00bb3.25&Prime; custom_padding=\u00a0\u00bb|||\u00a0\u00bb custom_padding__hover=\u00a0\u00bb|||\u00a0\u00bb][et_pb_text admin_label=\u00a0\u00bbTITRE SITE\u00a0\u00bb _builder_version=\u00a0\u00bb3.27.4&Prime; text_font=\u00a0\u00bbLato||||||||\u00a0\u00bb header_text_align=\u00a0\u00bbcenter\u00a0\u00bb]<h2 style=\"text-align: center;\"><strong>LISTE DES CONF\u00c9RENCES<\/strong><\/h2>\r[\/et_pb_text][et_pb_text disabled_on=\u00a0\u00bbon|on|on\u00a0\u00bb admin_label=\u00a0\u00bbConf\u00e9rence : La transformation num\u00e9rique comme levier de la transformation du syst\u00e8me de sant\u00e9 \u00a0\u00bb _builder_version=\u00a0\u00bb4.0.10&Prime; text_font=\u00a0\u00bbLato||||||||\u00a0\u00bb text_font_size=\u00a0\u00bb16px\u00a0\u00bb header_font=\u00a0\u00bbLato||||||||\u00a0\u00bb header_text_align=\u00a0\u00bbleft\u00a0\u00bb text_orientation=\u00a0\u00bbjustified\u00a0\u00bb hover_enabled=\u00a0\u00bb0&Prime; disabled=\u00a0\u00bbon\u00a0\u00bb]<p>D\u00e9couvrez les grandes conf\u00e9rences du <em>Colloque Informatique Sant\u00e9 2020<\/em>\u00a0pr\u00e9sent\u00e9es par nos invit\u00e9s d&rsquo;honneur:\u00a0<strong>Luc Bouchard<\/strong>,\u00a0sous-ministre associ\u00e9, Direction g\u00e9n\u00e9rale des technologies de l\u2019information; <em><strong>Philippe Lottin<\/strong><\/em>, directeur g\u00e9n\u00e9ral adjoint\u00a0des projets d\u2019unification et du bureau de projets;\u00a0<em><strong>Daniel Sirois<\/strong><\/em>, conseiller strat\u00e9gique &#8211; Transformation num\u00e9rique du SSSS, et\u00a0<em><strong>Louise Fortin<\/strong><\/em>, directrice de la mise en \u0153uvre des grands projets et des relations avec les partenaires, tous du Minist\u00e8re de la Sant\u00e9 et des Services sociaux.<\/p>[\/et_pb_text][et_pb_divider color=\u00a0\u00bb#ffffff\u00a0\u00bb admin_label=\u00a0\u00bbDivider blanc\u00a0\u00bb _builder_version=\u00a0\u00bb3.19.10&Prime;][\/et_pb_divider][et_pb_text disabled_on=\u00a0\u00bbon|on|on\u00a0\u00bb admin_label=\u00a0\u00bbAllocution : Strat\u00e9gie transformation num\u00e9rique (STN)\u00a0\u00bb _builder_version=\u00a0\u00bb4.0.10&Prime; text_font=\u00a0\u00bbLato||||||||\u00a0\u00bb text_font_size=\u00a0\u00bb15px\u00a0\u00bb header_font=\u00a0\u00bbLato||||||||\u00a0\u00bb header_text_align=\u00a0\u00bbleft\u00a0\u00bb text_orientation=\u00a0\u00bbjustified\u00a0\u00bb hover_enabled=\u00a0\u00bb0&Prime; disabled=\u00a0\u00bbon\u00a0\u00bb]<h5><strong>Grande conf\u00e9rence\u00a0<\/strong>D&rsquo;hier \u00e0 aujourd&rsquo;hui&#8230; vers demain<\/h5>\n<div id=\"attachment_439\" style=\"width: 210px\" class=\"wp-caption alignleft\"><img loading=\"lazy\" decoding=\"async\" aria-describedby=\"caption-attachment-439\" class=\"wp-image-439 size-medium\" src=\"https:\/\/www.lepointensante.com\/informatique-sante\/wp-content\/uploads\/sites\/4\/2019\/09\/Luc-Bouchard-200x300.png\" alt=\"\" width=\"200\" height=\"300\" \/><p id=\"caption-attachment-439\" class=\"wp-caption-text\"><strong>Luc Bouchard<\/strong>, sous-ministre associ\u00e9, Direction g\u00e9n\u00e9rale des technologies de l\u2019information, Minist\u00e8re de la Sant\u00e9 et des Services sociaux<\/p><\/div>\n<p style=\"text-align: justify;\">L\u2019an dernier, je venais pr\u00e9senter notre plan pour la transformation num\u00e9rique. En m\u2019appuyant sur l\u2019h\u00e9ritage laiss\u00e9 par les gouvernements ant\u00e9rieurs, je mettais la table d\u2019une transformation que je souhaite profonde, int\u00e9gr\u00e9e et utile.<\/p>\n<p style=\"text-align: justify;\">Cette ann\u00e9e, je suis fier de pr\u00e9senter les avanc\u00e9s eues \u00e9gards \u00e0 plusieurs pans de ce que nous avions planifi\u00e9, par exemple, l\u2019autorisation du programme de Dossier Sant\u00e9 Num\u00e9rique (DSN) par le Secr\u00e9tariat du Conseil du tr\u00e9sor et ce, dans un contexte de pand\u00e9mie dont on ne peut faire abstraction.<\/p>\n<p style=\"text-align: justify;\">Un contexte de pand\u00e9mie qui a amen\u00e9 son lot de d\u00e9fis, mais qui a su renforcer la collaboration de tous les partenaires du MSSS, du r\u00e9seau, des organismes, des fournisseurs et ainsi nous permettre de nous d\u00e9passer.<\/p>\n<p style=\"text-align: justify;\">Bien que certaines activit\u00e9s aient \u00e9t\u00e9 ralenties, la pand\u00e9mie a agi comme catalyseur. De nombreux nouveaux projets ont \u00e9t\u00e9 mis en place pour r\u00e9pondre aux besoins \u00e9mergents de la sant\u00e9 publique. Plusieurs projets planifi\u00e9s ont m\u00eame pu b\u00e9n\u00e9ficier d\u2019une acc\u00e9l\u00e9ration importante. La pand\u00e9mie est \u00e0 transformer de fa\u00e7on irr\u00e9versible notre vie vers le num\u00e9rique.<\/p>\n<p style=\"text-align: justify;\">Est-ce que ce rythme peut \u00eatre maintenu? Afin de rattraper le retard num\u00e9rique, la mise en place de solutions innovantes sera indispensable. Nous travaillons \u00e9galement \u00e0 mettre en place les \u00e9quipes qui pourront assurer la synergie de ces actions. Les efforts r\u00e9alis\u00e9s ont \u00e9t\u00e9 et continueront d\u2019aller dans le sens d\u2019une coh\u00e9rence globale de nos syst\u00e8mes et applications, de nos investissements et de notre service aux citoyens.\u00a0<\/p>[\/et_pb_text][et_pb_button button_url=\u00a0\u00bbhttps:\/\/www.lepointensante.com\/informatique-sante\/wp-content\/uploads\/sites\/4\/2019\/11\/Presentation_LBouchard_ColloqueInformatiqueSante_2019_2019-11-06v3.pdf\u00a0\u00bb url_new_window=\u00a0\u00bbon\u00a0\u00bb button_text=\u00a0\u00bbDIAPOSITIVES EN LIGNE\u00a0\u00bb button_alignment=\u00a0\u00bbcenter\u00a0\u00bb disabled_on=\u00a0\u00bbon|on|on\u00a0\u00bb _builder_version=\u00a0\u00bb3.19.10&Prime; custom_button=\u00a0\u00bbon\u00a0\u00bb button_text_size=\u00a0\u00bb14&Prime; button_bg_color=\u00a0\u00bb#0b59bf\u00a0\u00bb button_border_color=\u00a0\u00bb#0b59bf\u00a0\u00bb button_border_radius=\u00a0\u00bb20&Prime; button_font=\u00a0\u00bbLato||||||||\u00a0\u00bb background_layout=\u00a0\u00bbdark\u00a0\u00bb disabled=\u00a0\u00bbon\u00a0\u00bb saved_tabs=\u00a0\u00bball\u00a0\u00bb][\/et_pb_button][et_pb_divider color=\u00a0\u00bb#ffffff\u00a0\u00bb admin_label=\u00a0\u00bbDivider blanc\u00a0\u00bb _builder_version=\u00a0\u00bb3.19.10&Prime;][\/et_pb_divider][et_pb_divider color=\u00a0\u00bbrgba(0,0,0,0.51)\u00a0\u00bb _builder_version=\u00a0\u00bb3.19.10&Prime;][\/et_pb_divider][et_pb_text disabled_on=\u00a0\u00bbon|on|on\u00a0\u00bb admin_label=\u00a0\u00bbConf\u00e9rence : Cr\u00e9ation de valeur et mesures\u00a0\u00bb _builder_version=\u00a0\u00bb4.0.10&Prime; text_font=\u00a0\u00bbLato||||||||\u00a0\u00bb text_font_size=\u00a0\u00bb15px\u00a0\u00bb header_font=\u00a0\u00bbLato||||||||\u00a0\u00bb header_text_align=\u00a0\u00bbleft\u00a0\u00bb text_orientation=\u00a0\u00bbjustified\u00a0\u00bb hover_enabled=\u00a0\u00bb0&Prime; disabled=\u00a0\u00bbon\u00a0\u00bb]<h5><strong>Grande conf\u00e9rence\u00a0<\/strong>Programme de Dossier de sant\u00e9 Num\u00e9rique<\/h5>\n<div id=\"attachment_469\" style=\"width: 210px\" class=\"wp-caption alignleft\"><img loading=\"lazy\" decoding=\"async\" aria-describedby=\"caption-attachment-469\" src=\"https:\/\/www.lepointensante.com\/informatique-sante\/wp-content\/uploads\/sites\/4\/2020\/11\/Philippe-Lottin-250x300.jpg\" width=\"250\" height=\"300\" alt=\"\" class=\"wp-image-2175 alignnone size-medium\" \/><p id=\"caption-attachment-469\" class=\"wp-caption-text\">\u00a0<strong>Philippe Lottin<\/strong>, directeur g\u00e9n\u00e9ral adjoint des projets d\u2019unification et du bureau de projets, Minist\u00e8re de la Sant\u00e9 et des Services sociaux<\/p><\/div>\n<p><span style=\"font-family: Arial, sans-serif;\">L\u2019ann\u00e9e derni\u00e8re le MSSS annon\u00e7ait l\u2019<span class=\"normaltextrun\"><span style=\"background: white;\">implantation d\u2019un\u00a0Dossier\u00a0sant\u00e9 num\u00e9rique\u00a0(DSN). Ce dossier vise \u00e0 doter la province d\u2019un syst\u00e8me d\u2019information clinique de nouvelle g\u00e9n\u00e9ration,\u00a0s\u00e9curitaire et performant,\u00a0qui r\u00e9pondra non seulement aux besoins des citoyens, des cliniciens, des gestionnaires et des chercheurs, mais aussi \u00e0 ceux des autres partenaires du\u00a0SSSS.<\/span><\/span><span class=\"En-tteCar\"> <o:p><\/o:p><\/span><\/span><\/p>\n<p><span class=\"normaltextrun\"><span style=\"font-family: 'Arial',sans-serif;\">Le projet, est en phase avec la\u00a0strat\u00e9gie de transformation\u00a0num\u00e9rique gouvernementale 2019-2023 et avec le plan strat\u00e9gique 2019-2023 du\u00a0minist\u00e8re de la Sant\u00e9 et des Services sociaux. Les priorit\u00e9s minist\u00e9rielles en mati\u00e8re de cybers\u00e9curit\u00e9, de valorisation des donn\u00e9es, d\u2019utilisation de l\u2019intelligence artificielle ou de la t\u00e9l\u00e9sant\u00e9 sont int\u00e9gr\u00e9es dans ce qui s\u2019appelle le Programme DSN. <\/span><\/span><span class=\"eop\"><span style=\"font-family: 'Arial',sans-serif;\">\u00a0<o:p><\/o:p><\/span><\/span><\/p>\n<p><span class=\"normaltextrun\"><span style=\"font-family: 'Arial',sans-serif;\">L\u2019ampleur du projet est colossale. La phase de planification est estim\u00e9e \u00e0 deux ans. Les enjeux sont multiples et sont abord\u00e9s par une approche collaborative r\u00e9seau-MSSS indispensable. L\u2019acc\u00e9l\u00e9ration de la transformation num\u00e9rique est un axe central qui guide les orientations \u00e0 prendre. Le plan de transition est attendu et requis, mais sans freiner l\u2019arriv\u00e9e du DSN. L\u2019innovation est requise d\u00e8s le processus d\u2019acquisition puis dans la transformation future de nos processus cliniques.<\/span><\/span><span class=\"normaltextrun\" style=\"color: #000000;\"><span style=\"font-family: 'Arial',sans-serif;\">\u00a0<\/span><\/span><\/p>[\/et_pb_text][et_pb_button button_url=\u00a0\u00bbhttps:\/\/www.lepointensante.com\/informatique-sante\/wp-content\/uploads\/sites\/4\/2019\/11\/Presentation_LBouchard_ColloqueInformatiqueSante_2019_2019-11-06v3.pdf\u00a0\u00bb url_new_window=\u00a0\u00bbon\u00a0\u00bb button_text=\u00a0\u00bbDIAPOSITIVES EN LIGNE\u00a0\u00bb button_alignment=\u00a0\u00bbcenter\u00a0\u00bb disabled_on=\u00a0\u00bbon|on|on\u00a0\u00bb _builder_version=\u00a0\u00bb3.19.10&Prime; custom_button=\u00a0\u00bbon\u00a0\u00bb button_text_size=\u00a0\u00bb14&Prime; button_bg_color=\u00a0\u00bb#0b59bf\u00a0\u00bb button_border_color=\u00a0\u00bb#0b59bf\u00a0\u00bb button_border_radius=\u00a0\u00bb20&Prime; button_font=\u00a0\u00bbLato||||||||\u00a0\u00bb background_layout=\u00a0\u00bbdark\u00a0\u00bb disabled=\u00a0\u00bbon\u00a0\u00bb saved_tabs=\u00a0\u00bball\u00a0\u00bb][\/et_pb_button][et_pb_divider color=\u00a0\u00bb#ffffff\u00a0\u00bb admin_label=\u00a0\u00bbDivider blanc\u00a0\u00bb _builder_version=\u00a0\u00bb3.19.10&Prime;][\/et_pb_divider][et_pb_divider color=\u00a0\u00bbrgba(0,0,0,0.51)\u00a0\u00bb _builder_version=\u00a0\u00bb3.19.10&Prime;][\/et_pb_divider][et_pb_text disabled_on=\u00a0\u00bbon|on|on\u00a0\u00bb admin_label=\u00a0\u00bbConf\u00e9rence : Cr\u00e9ation de valeur et mesures\u00a0\u00bb _builder_version=\u00a0\u00bb4.0.10&Prime; text_font=\u00a0\u00bbLato||||||||\u00a0\u00bb text_font_size=\u00a0\u00bb15px\u00a0\u00bb header_font=\u00a0\u00bbLato||||||||\u00a0\u00bb header_text_align=\u00a0\u00bbleft\u00a0\u00bb text_orientation=\u00a0\u00bbjustified\u00a0\u00bb hover_enabled=\u00a0\u00bb0&Prime; disabled=\u00a0\u00bbon\u00a0\u00bb]<h5><strong>Grande conf\u00e9rence\u00a0<\/strong>Plan de transformation num\u00e9rique en sant\u00e9<\/h5>\n<div id=\"attachment_469\" style=\"width: 210px\" class=\"wp-caption alignleft\"><img loading=\"lazy\" decoding=\"async\" aria-describedby=\"caption-attachment-469\" src=\"https:\/\/www.lepointensante.com\/informatique-sante\/wp-content\/uploads\/sites\/4\/2020\/11\/Daniel-Sirois.jpg\" width=\"200\" height=\"200\" alt=\"\" class=\"wp-image-2305 alignnone size-full\" srcset=\"https:\/\/www.lepointensante.com\/informatique-sante\/wp-content\/uploads\/sites\/4\/2020\/11\/Daniel-Sirois.jpg 200w, https:\/\/www.lepointensante.com\/informatique-sante\/wp-content\/uploads\/sites\/4\/2020\/11\/Daniel-Sirois-150x150.jpg 150w, https:\/\/www.lepointensante.com\/informatique-sante\/wp-content\/uploads\/sites\/4\/2020\/11\/Daniel-Sirois-100x100.jpg 100w\" sizes=\"auto, (max-width: 200px) 100vw, 200px\" \/><p id=\"caption-attachment-469\" class=\"wp-caption-text\">\u00a0<strong>Daniel Sirois<\/strong>, conseiller strat\u00e9gique &#8211; Transformation num\u00e9rique du SSSS, Direction g\u00e9n\u00e9rale des technologies de l&rsquo;information, Minist\u00e8re de la Sant\u00e9 et des Services sociaux<\/p><\/div>\n<p>La transformation num\u00e9rique vient moduler de fa\u00e7on importante nos vies personnelles et tous les secteurs d\u2019industrie \u2013 dont celui de la sant\u00e9 \u2013 et ce, sur le plan international. Par ailleurs, cette transformation prend diverses formes et est teint\u00e9e des strat\u00e9gies mises de l\u2019avant par les diff\u00e9rentes autorit\u00e9s. Au Qu\u00e9bec, la Strat\u00e9gie de transformation num\u00e9rique gouvernementale 2019-2023 (STNG) vise entre autres le secteur public et cons\u00e9quemment, le secteur de la sant\u00e9. La vision de la STNG est \u00ab\u00a0d\u2019offrir des services publics plus intuitifs et faciles d\u2019utilisation pour la population, mais \u00e9galement \u00e0 am\u00e9liorer l\u2019efficience de l\u2019\u00c9tat\u00a0\u00bb. En pratique, cette vision s\u2019est d\u00e9j\u00e0 traduite en actions concr\u00e8tes pour les diff\u00e9rents minist\u00e8res, dont le MSSS, et la progression des plans \u00e9tablis peut \u00eatre suivie avec le \u00ab\u00a0Barom\u00e8tre num\u00e9riQc\u00a0\u00bb.<\/p>\n<p>&nbsp;<\/p>\n<p>Le secteur de la sant\u00e9 et des services sociaux (SSSS) constitue un des deux grands r\u00e9seaux vis\u00e9s par la STNG, tant pour le b\u00e9n\u00e9fice des citoyens que celui des cliniciens et employ\u00e9s des organisations touch\u00e9es. Ainsi, des plans de transformations num\u00e9riques sont \u00e0 \u00e9laborer par les diff\u00e9rentes organisations du SSSS. \u00c0 l\u2019instar des plans des minist\u00e8res, la progression des plans du SSSS sera suivie avec le \u00ab\u00a0Barom\u00e8tre num\u00e9riQc\u00a0\u00bb.<\/p>\n<p>&nbsp;<\/p>\n<p>Le r\u00f4le du MSSS et particuli\u00e8rement de la DGTI est certes de coordonner les initiatives de transformation num\u00e9rique du SSSS et d\u2019en rendre compte aux autorit\u00e9s, mais il est \u00e9galement d\u2019agir comme catalyseur de la transformation num\u00e9rique en sant\u00e9 tout en la balisant\/r\u00e9gulant sur le plan technologique.<\/p>[\/et_pb_text][et_pb_button button_url=\u00a0\u00bbhttps:\/\/www.lepointensante.com\/informatique-sante\/wp-content\/uploads\/sites\/4\/2019\/11\/Presentation_LBouchard_ColloqueInformatiqueSante_2019_2019-11-06v3.pdf\u00a0\u00bb url_new_window=\u00a0\u00bbon\u00a0\u00bb button_text=\u00a0\u00bbDIAPOSITIVES EN LIGNE\u00a0\u00bb button_alignment=\u00a0\u00bbcenter\u00a0\u00bb disabled_on=\u00a0\u00bbon|on|on\u00a0\u00bb _builder_version=\u00a0\u00bb3.19.10&Prime; custom_button=\u00a0\u00bbon\u00a0\u00bb button_text_size=\u00a0\u00bb14&Prime; button_bg_color=\u00a0\u00bb#0b59bf\u00a0\u00bb button_border_color=\u00a0\u00bb#0b59bf\u00a0\u00bb button_border_radius=\u00a0\u00bb20&Prime; button_font=\u00a0\u00bbLato||||||||\u00a0\u00bb background_layout=\u00a0\u00bbdark\u00a0\u00bb disabled=\u00a0\u00bbon\u00a0\u00bb saved_tabs=\u00a0\u00bball\u00a0\u00bb][\/et_pb_button][et_pb_divider color=\u00a0\u00bb#ffffff\u00a0\u00bb admin_label=\u00a0\u00bbDivider blanc\u00a0\u00bb _builder_version=\u00a0\u00bb3.19.10&Prime;][\/et_pb_divider][et_pb_divider color=\u00a0\u00bbrgba(0,0,0,0.51)\u00a0\u00bb _builder_version=\u00a0\u00bb3.19.10&Prime;][\/et_pb_divider][et_pb_text disabled_on=\u00a0\u00bbon|on|on\u00a0\u00bb admin_label=\u00a0\u00bbConf\u00e9rence : Cr\u00e9ation de valeur et mesures\u00a0\u00bb _builder_version=\u00a0\u00bb4.0.10&Prime; text_font=\u00a0\u00bbLato||||||||\u00a0\u00bb text_font_size=\u00a0\u00bb15px\u00a0\u00bb header_font=\u00a0\u00bbLato||||||||\u00a0\u00bb header_text_align=\u00a0\u00bbleft\u00a0\u00bb text_orientation=\u00a0\u00bbjustified\u00a0\u00bb hover_enabled=\u00a0\u00bb0&Prime; disabled=\u00a0\u00bbon\u00a0\u00bb]<h5><strong>Grande conf\u00e9rence\u00a0<\/strong>Unit\u00e9 de coordination des normes pour l&rsquo;interop\u00e9rabilit\u00e9 (UCNI)<\/h5>\n<div id=\"attachment_469\" style=\"width: 210px\" class=\"wp-caption alignleft\"><img loading=\"lazy\" decoding=\"async\" aria-describedby=\"caption-attachment-469\" src=\"https:\/\/www.lepointensante.com\/informatique-sante\/wp-content\/uploads\/sites\/4\/2020\/11\/Louise-Fortin-225x300.jpg\" width=\"225\" height=\"300\" alt=\"\" class=\"wp-image-2174 alignnone size-medium\" \/><p id=\"caption-attachment-469\" class=\"wp-caption-text\">\u00a0<strong>Louise Fortin<\/strong>, \u00a0directrice de la mise en \u0153uvre des grands projets et des relations avec les partenaires, Minist\u00e8re de la Sant\u00e9 et des Services sociaux<\/p><\/div>\n<p style=\"text-align: justify;\">Le partage des donn\u00e9es biopsychosociales et les capacit\u00e9s d\u2019int\u00e9gration (unidirectionnelle et bidirectionnelle), entre les diff\u00e9rents syst\u00e8mes d\u2019information, est primordial et reconnu comme une des assises incontournables pour soutenir les intervenants dans leurs activit\u00e9s quotidiennes de prise en charge d\u2019un usager mais \u00e9galement pour assurer un continuum de soins adapt\u00e9 et s\u00e9curitaire.\u00a0Cette interop\u00e9rabilit\u00e9 doit s\u2019\u00e9tendre au-del\u00e0 du r\u00e9seau de la sant\u00e9 et des services sociaux (RSSS) et principalement aupr\u00e8s des cabinets de m\u00e9decins g\u00e9n\u00e9ralistes et sp\u00e9cialistes, des syst\u00e8mes de pharmacies communautaires, des syst\u00e8mes de laboratoires priv\u00e9s de biologie m\u00e9dicale et d\u2019imagerie m\u00e9dicale ainsi qu\u2019avec certains syst\u00e8mes cliniques standardis\u00e9s et informatis\u00e9s de premi\u00e8re ligne.<\/p>\n<p style=\"text-align: justify;\">Le MSSS a donc mis en place une unit\u00e9 de coordination des normes pour l\u2019interop\u00e9rabilit\u00e9 (UCNI) qui vise justement \u00e0 instaurer un leadership fort de normalisation des donn\u00e9es de l\u2019usager, des normes d\u2019interop\u00e9rabilit\u00e9 \u00e9tablies dans l\u2019industrie de la sant\u00e9 et avec tout autre syst\u00e8me d\u2019information ou \u00e9quipements biom\u00e9dicaux en lien avec la solution du dossier sant\u00e9 num\u00e9rique (DSN) et son \u00e9cosyst\u00e8me de fa\u00e7on transparente (background) pour l\u2019utilisateur et pour une plus grande efficacit\u00e9. L\u2019implantation et le maintien des normes pour l\u2019interop\u00e9rabilit\u00e9 dans le secteur de la sant\u00e9 et des services sociaux (SSSS) n\u00e9cessite qu\u2019une \u00e9quipe soit au c\u0153ur du processus pour en assurer la coordination et la coh\u00e9rence.<\/p>\n<p style=\"text-align: justify;\">[\/et_pb_text][et_pb_button button_url=\u00a0\u00bbhttps:\/\/www.lepointensante.com\/informatique-sante\/wp-content\/uploads\/sites\/4\/2019\/11\/Colloque-informatique-sante%CC%81_BI-7-novembre-Pre%CC%81sentation.pdf\u00a0\u00bb url_new_window=\u00a0\u00bbon\u00a0\u00bb button_text=\u00a0\u00bbDIAPOSITIVES EN LIGNE\u00a0\u00bb button_alignment=\u00a0\u00bbcenter\u00a0\u00bb disabled_on=\u00a0\u00bbon|on|on\u00a0\u00bb _builder_version=\u00a0\u00bb3.19.10&Prime; custom_button=\u00a0\u00bbon\u00a0\u00bb button_text_size=\u00a0\u00bb14&Prime; button_bg_color=\u00a0\u00bb#0b59bf\u00a0\u00bb button_border_color=\u00a0\u00bb#0b59bf\u00a0\u00bb button_border_radius=\u00a0\u00bb20&Prime; button_font=\u00a0\u00bbLato||||||||\u00a0\u00bb background_layout=\u00a0\u00bbdark\u00a0\u00bb disabled=\u00a0\u00bbon\u00a0\u00bb saved_tabs=\u00a0\u00bball\u00a0\u00bb][\/et_pb_button][et_pb_divider color=\u00a0\u00bb#ffffff\u00a0\u00bb admin_label=\u00a0\u00bbDivider blanc\u00a0\u00bb _builder_version=\u00a0\u00bb3.19.10&Prime;][\/et_pb_divider][\/et_pb_column][\/et_pb_row][\/et_pb_section]\n","protected":false},"excerpt":{"rendered":"<p>LISTE DES CONF\u00c9RENCES D\u00e9couvrez les grandes conf\u00e9rences du Colloque Informatique Sant\u00e9 2020\u00a0pr\u00e9sent\u00e9es par nos invit\u00e9s d&rsquo;honneur:\u00a0Luc Bouchard,\u00a0sous-ministre associ\u00e9, Direction g\u00e9n\u00e9rale des technologies de l\u2019information; Philippe Lottin, directeur g\u00e9n\u00e9ral adjoint\u00a0des projets d\u2019unification et du bureau de projets;\u00a0Daniel Sirois, conseiller strat\u00e9gique &#8211; Transformation num\u00e9rique du SSSS, et\u00a0Louise Fortin, directrice de la mise en \u0153uvre des grands projets [&hellip;]<\/p>\n","protected":false},"author":1,"featured_media":0,"parent":0,"menu_order":0,"comment_status":"closed","ping_status":"closed","template":"","meta":{"_acf_changed":false,"_et_pb_use_builder":"on","_et_pb_old_content":"","_et_gb_content_width":"","_exactmetrics_skip_tracking":false,"_exactmetrics_sitenote_active":false,"_exactmetrics_sitenote_note":"","_exactmetrics_sitenote_category":0,"footnotes":""},"class_list":["post-2347","page","type-page","status-publish","hentry"],"acf":[],"_links":{"self":[{"href":"https:\/\/www.lepointensante.com\/informatique-sante\/wp-json\/wp\/v2\/pages\/2347","targetHints":{"allow":["GET"]}}],"collection":[{"href":"https:\/\/www.lepointensante.com\/informatique-sante\/wp-json\/wp\/v2\/pages"}],"about":[{"href":"https:\/\/www.lepointensante.com\/informatique-sante\/wp-json\/wp\/v2\/types\/page"}],"author":[{"embeddable":true,"href":"https:\/\/www.lepointensante.com\/informatique-sante\/wp-json\/wp\/v2\/users\/1"}],"replies":[{"embeddable":true,"href":"https:\/\/www.lepointensante.com\/informatique-sante\/wp-json\/wp\/v2\/comments?post=2347"}],"version-history":[{"count":3,"href":"https:\/\/www.lepointensante.com\/informatique-sante\/wp-json\/wp\/v2\/pages\/2347\/revisions"}],"predecessor-version":[{"id":2356,"href":"https:\/\/www.lepointensante.com\/informatique-sante\/wp-json\/wp\/v2\/pages\/2347\/revisions\/2356"}],"wp:attachment":[{"href":"https:\/\/www.lepointensante.com\/informatique-sante\/wp-json\/wp\/v2\/media?parent=2347"}],"curies":[{"name":"wp","href":"https:\/\/api.w.org\/{rel}","templated":true}]}}