{"id":164,"date":"2022-01-19T17:20:01","date_gmt":"2022-01-19T17:20:01","guid":{"rendered":"https:\/\/www.lepointensante.com\/performance\/?page_id=164"},"modified":"2022-01-19T17:20:01","modified_gmt":"2022-01-19T17:20:01","slug":"a-propos","status":"publish","type":"page","link":"https:\/\/www.lepointensante.com\/performance\/a-propos\/","title":{"rendered":"\u00c0 propos"},"content":{"rendered":"<p>[et_pb_section fb_built=\u00a0\u00bb1&Prime; fullwidth=\u00a0\u00bbon\u00a0\u00bb admin_label=\u00a0\u00bbHeader\u00a0\u00bb _builder_version=\u00a0\u00bb3.22&Prime; background_image=\u00a0\u00bbhttp:\/\/www.lepointensante.com\/performance\/wp-content\/uploads\/sites\/26\/2022\/01\/img-12.jpg\u00a0\u00bb parallax=\u00a0\u00bbon\u00a0\u00bb custom_padding=\u00a0\u00bb|||\u00a0\u00bb animation_style=\u00a0\u00bbslide\u00a0\u00bb animation_direction=\u00a0\u00bbtop\u00a0\u00bb animation_intensity_slide=\u00a0\u00bb2%\u00a0\u00bb global_colors_info=\u00a0\u00bb{}\u00a0\u00bb][et_pb_fullwidth_header title=\u00a0\u00bb\u00c0 propos\u00a0\u00bb background_overlay_color=\u00a0\u00bbrgba(255,255,255,0.6)\u00a0\u00bb content_max_width=\u00a0\u00bb700px\u00a0\u00bb content_max_width_tablet=\u00a0\u00bb100%\u00a0\u00bb content_max_width_phone=\u00a0\u00bb\u00a0\u00bb content_max_width_last_edited=\u00a0\u00bbon|desktop\u00a0\u00bb _builder_version=\u00a0\u00bb4.11.1&Prime; title_font=\u00a0\u00bbRoboto|300|||||||\u00a0\u00bb title_font_size=\u00a0\u00bb60px\u00a0\u00bb title_line_height=\u00a0\u00bb1.4em\u00a0\u00bb content_font=\u00a0\u00bb||||||||\u00a0\u00bb content_font_size=\u00a0\u00bb17px\u00a0\u00bb content_line_height=\u00a0\u00bb1.9em\u00a0\u00bb subhead_font=\u00a0\u00bb|600|||||||\u00a0\u00bb subhead_font_size=\u00a0\u00bb20px\u00a0\u00bb subhead_line_height=\u00a0\u00bb1.8em\u00a0\u00bb background_color=\u00a0\u00bbrgba(255,255,255,0.3)\u00a0\u00bb background_image=\u00a0\u00bbhttp:\/\/www.lepointensante.com\/performance\/wp-content\/uploads\/sites\/26\/2022\/01\/dots-3.png\u00a0\u00bb custom_button_one=\u00a0\u00bbon\u00a0\u00bb button_one_text_size=\u00a0\u00bb14px\u00a0\u00bb button_one_text_color=\u00a0\u00bb#ffffff\u00a0\u00bb button_one_bg_color=\u00a0\u00bb#8300e9&Prime; button_one_bg_color_gradient_start=\u00a0\u00bb#d883f8&Prime; button_one_bg_color_gradient_end=\u00a0\u00bb#352DBE\u00a0\u00bb button_one_bg_color_gradient_direction=\u00a0\u00bb90deg\u00a0\u00bb button_one_border_width=\u00a0\u00bb10px\u00a0\u00bb button_one_border_color=\u00a0\u00bbrgba(0,0,0,0)\u00a0\u00bb button_one_border_radius=\u00a0\u00bb100px\u00a0\u00bb button_one_letter_spacing=\u00a0\u00bb3px\u00a0\u00bb button_one_font=\u00a0\u00bbRoboto|700||on|||||\u00a0\u00bb custom_button_two=\u00a0\u00bbon\u00a0\u00bb button_two_text_size=\u00a0\u00bb14px\u00a0\u00bb button_two_text_color=\u00a0\u00bb#ffffff\u00a0\u00bb button_two_bg_color=\u00a0\u00bb#06c8ff\u00a0\u00bb button_two_border_width=\u00a0\u00bb10px\u00a0\u00bb button_two_border_color=\u00a0\u00bbrgba(0,0,0,0)\u00a0\u00bb button_two_border_radius=\u00a0\u00bb100px\u00a0\u00bb button_two_letter_spacing=\u00a0\u00bb3px\u00a0\u00bb button_two_font=\u00a0\u00bbRoboto|700||on|||||\u00a0\u00bb background_layout=\u00a0\u00bblight\u00a0\u00bb custom_margin=\u00a0\u00bb||||false\u00a0\u00bb custom_padding=\u00a0\u00bb8vw||8vw||true\u00a0\u00bb custom_padding_tablet=\u00a0\u00bb250px||250px||true\u00a0\u00bb custom_padding_last_edited=\u00a0\u00bboff|desktop\u00a0\u00bb hover_enabled=\u00a0\u00bb0&Prime; title_font_size_tablet=\u00a0\u00bb40px\u00a0\u00bb title_font_size_phone=\u00a0\u00bb32px\u00a0\u00bb title_font_size_last_edited=\u00a0\u00bbon|desktop\u00a0\u00bb button_one_text_color_hover=\u00a0\u00bb#ffffff\u00a0\u00bb button_two_text_color_hover=\u00a0\u00bb#ffffff\u00a0\u00bb button_one_letter_spacing_hover=\u00a0\u00bb3px\u00a0\u00bb button_two_letter_spacing_hover=\u00a0\u00bb3px\u00a0\u00bb global_colors_info=\u00a0\u00bb{}\u00a0\u00bb button_one_text_size__hover_enabled=\u00a0\u00bboff\u00a0\u00bb button_two_text_size__hover_enabled=\u00a0\u00bboff\u00a0\u00bb button_one_text_color__hover_enabled=\u00a0\u00bbon\u00a0\u00bb button_one_text_color__hover=\u00a0\u00bb#ffffff\u00a0\u00bb button_two_text_color__hover_enabled=\u00a0\u00bbon\u00a0\u00bb button_two_text_color__hover=\u00a0\u00bb#ffffff\u00a0\u00bb button_one_border_width__hover_enabled=\u00a0\u00bboff\u00a0\u00bb button_two_border_width__hover_enabled=\u00a0\u00bboff\u00a0\u00bb button_one_border_color__hover_enabled=\u00a0\u00bboff\u00a0\u00bb button_two_border_color__hover_enabled=\u00a0\u00bboff\u00a0\u00bb button_one_border_radius__hover_enabled=\u00a0\u00bboff\u00a0\u00bb button_two_border_radius__hover_enabled=\u00a0\u00bboff\u00a0\u00bb button_one_letter_spacing__hover_enabled=\u00a0\u00bbon\u00a0\u00bb button_one_letter_spacing__hover=\u00a0\u00bb3px\u00a0\u00bb button_two_letter_spacing__hover_enabled=\u00a0\u00bbon\u00a0\u00bb button_two_letter_spacing__hover=\u00a0\u00bb3px\u00a0\u00bb button_one_bg_color__hover_enabled=\u00a0\u00bboff\u00a0\u00bb button_two_bg_color__hover_enabled=\u00a0\u00bboff\u00a0\u00bb sticky_enabled=\u00a0\u00bb0&Prime;][\/et_pb_fullwidth_header][\/et_pb_section][et_pb_section fb_built=\u00a0\u00bb1&Prime; admin_label=\u00a0\u00bbFeatured Items\u00a0\u00bb _builder_version=\u00a0\u00bb3.22&Prime; background_color=\u00a0\u00bb#f4f4f4&Prime; custom_margin=\u00a0\u00bb60px|60px|60px|60px\u00a0\u00bb custom_margin_tablet=\u00a0\u00bb\u00a0\u00bb custom_margin_phone=\u00a0\u00bb0px|0px|0px|0px\u00a0\u00bb custom_margin_last_edited=\u00a0\u00bbon|desktop\u00a0\u00bb custom_padding=\u00a0\u00bb110px||110px|\u00a0\u00bb box_shadow_style=\u00a0\u00bbpreset7&Prime; box_shadow_horizontal=\u00a0\u00bb0px\u00a0\u00bb box_shadow_vertical=\u00a0\u00bb-400px\u00a0\u00bb box_shadow_color=\u00a0\u00bb#ffffff\u00a0\u00bb collapsed=\u00a0\u00bboff\u00a0\u00bb global_colors_info=\u00a0\u00bb{}\u00a0\u00bb global_module=\u00a0\u00bb163&Prime;][et_pb_row column_structure=\u00a0\u00bb1_2,1_2&Prime; use_custom_gutter=\u00a0\u00bbon\u00a0\u00bb gutter_width=\u00a0\u00bb2&Prime; make_equal=\u00a0\u00bbon\u00a0\u00bb _builder_version=\u00a0\u00bb3.25&Prime; custom_padding=\u00a0\u00bb27px|0px|0px|0px\u00a0\u00bb global_colors_info=\u00a0\u00bb{}\u00a0\u00bb][et_pb_column type=\u00a0\u00bb1_2&Prime; _builder_version=\u00a0\u00bb3.25&Prime; custom_padding=\u00a0\u00bb12%|||\u00a0\u00bb global_colors_info=\u00a0\u00bb{}\u00a0\u00bb custom_padding__hover=\u00a0\u00bb|||\u00a0\u00bb][et_pb_text _builder_version=\u00a0\u00bb4.11.1&Prime; text_font=\u00a0\u00bb||||||||\u00a0\u00bb header_font=\u00a0\u00bb||||||||\u00a0\u00bb header_2_font=\u00a0\u00bbRoboto|700||on|||||\u00a0\u00bb header_2_text_align=\u00a0\u00bbleft\u00a0\u00bb header_2_font_size=\u00a0\u00bb30px\u00a0\u00bb header_2_letter_spacing=\u00a0\u00bb4px\u00a0\u00bb module_alignment=\u00a0\u00bbcenter\u00a0\u00bb custom_margin=\u00a0\u00bb||10px|\u00a0\u00bb custom_padding=\u00a0\u00bb|||\u00a0\u00bb animation_style=\u00a0\u00bbfade\u00a0\u00bb global_colors_info=\u00a0\u00bb{}\u00a0\u00bb]<\/p>\n<h2>Concept<\/h2>\n<p>[\/et_pb_text][et_pb_divider color=\u00a0\u00bb#8300E9&Prime; divider_weight=\u00a0\u00bb2px\u00a0\u00bb disabled_on=\u00a0\u00bboff|off|off\u00a0\u00bb _builder_version=\u00a0\u00bb4.11.1&Prime; max_width=\u00a0\u00bb100px\u00a0\u00bb animation_style=\u00a0\u00bbfade\u00a0\u00bb locked=\u00a0\u00bboff\u00a0\u00bb global_colors_info=\u00a0\u00bb{}\u00a0\u00bb][\/et_pb_divider][et_pb_text _builder_version=\u00a0\u00bb4.11.1&Prime; text_font=\u00a0\u00bb||||||||\u00a0\u00bb text_font_size=\u00a0\u00bb16px\u00a0\u00bb text_line_height=\u00a0\u00bb1.8em\u00a0\u00bb max_width_tablet=\u00a0\u00bb\u00a0\u00bb max_width_phone=\u00a0\u00bb\u00a0\u00bb max_width_last_edited=\u00a0\u00bbon|desktop\u00a0\u00bb custom_margin=\u00a0\u00bb||100px|\u00a0\u00bb animation_style=\u00a0\u00bbfade\u00a0\u00bb global_colors_info=\u00a0\u00bb{}\u00a0\u00bb]<\/p>\n<p style=\"text-align: justify;\"><em>Le Point en sant\u00e9 et services sociaux<\/em>, en partenariat avec des partenaires et collaborateurs de longue date, tous des professionnels chevronn\u00e9s du r\u00e9seau de la sant\u00e9 et des services sociaux, se pr\u00e9pare \u00e0 la tenue de la 1\u00e8re \u00e9dition du <strong><em>Colloque Performance et valorisation des donn\u00e9es<\/em><\/strong>, qui se tiendra le 31 mars 2022, au Centre de congr\u00e8s de Saint-Hyacinthe, sous le th\u00e8me <em>Ensemble pour la valorisation des donn\u00e9es pour un r\u00e9seau performant<\/em>.<\/p>\n<p>[\/et_pb_text][et_pb_image src=\u00a0\u00bbhttp:\/\/www.lepointensante.com\/performance\/wp-content\/uploads\/sites\/26\/2021\/11\/lukas-blazek-mcSDtbWXUZU-unsplash-scaled.jpg\u00a0\u00bb title_text=\u00a0\u00bblukas-blazek-mcSDtbWXUZU-unsplash\u00a0\u00bb url=\u00a0\u00bb#\u00a0\u00bb use_overlay=\u00a0\u00bbon\u00a0\u00bb overlay_icon_color=\u00a0\u00bb#ffb500&Prime; hover_overlay_color=\u00a0\u00bbrgba(0,0,0,0.65)\u00a0\u00bb hover_icon=\u00a0\u00bb%%3%%\u00a0\u00bb force_fullwidth=\u00a0\u00bbon\u00a0\u00bb align_tablet=\u00a0\u00bbcenter\u00a0\u00bb align_phone=\u00a0\u00bb\u00a0\u00bb align_last_edited=\u00a0\u00bbon|desktop\u00a0\u00bb _builder_version=\u00a0\u00bb4.11.1&Prime; custom_margin=\u00a0\u00bb|||\u00a0\u00bb animation_style=\u00a0\u00bbslide\u00a0\u00bb animation_direction=\u00a0\u00bbbottom\u00a0\u00bb animation_intensity_slide=\u00a0\u00bb2%\u00a0\u00bb global_colors_info=\u00a0\u00bb{}\u00a0\u00bb][\/et_pb_image][\/et_pb_column][et_pb_column type=\u00a0\u00bb1_2&Prime; _builder_version=\u00a0\u00bb3.25&Prime; custom_padding=\u00a0\u00bb|||\u00a0\u00bb global_colors_info=\u00a0\u00bb{}\u00a0\u00bb custom_padding__hover=\u00a0\u00bb|||\u00a0\u00bb][et_pb_image src=\u00a0\u00bbhttp:\/\/www.lepointensante.com\/performance\/wp-content\/uploads\/sites\/26\/2021\/11\/adeolu-eletu-unRkg2jH1j0-unsplash-scaled.jpg\u00a0\u00bb title_text=\u00a0\u00bbadeolu-eletu-unRkg2jH1j0-unsplash\u00a0\u00bb url=\u00a0\u00bb#\u00a0\u00bb use_overlay=\u00a0\u00bbon\u00a0\u00bb overlay_icon_color=\u00a0\u00bb#ffb500&Prime; hover_overlay_color=\u00a0\u00bbrgba(0,0,0,0.65)\u00a0\u00bb hover_icon=\u00a0\u00bb%%3%%\u00a0\u00bb force_fullwidth=\u00a0\u00bbon\u00a0\u00bb align_tablet=\u00a0\u00bbcenter\u00a0\u00bb align_phone=\u00a0\u00bb\u00a0\u00bb align_last_edited=\u00a0\u00bbon|desktop\u00a0\u00bb _builder_version=\u00a0\u00bb4.11.1&Prime; custom_margin=\u00a0\u00bb||6%|\u00a0\u00bb animation_style=\u00a0\u00bbslide\u00a0\u00bb animation_direction=\u00a0\u00bbbottom\u00a0\u00bb animation_intensity_slide=\u00a0\u00bb2%\u00a0\u00bb global_colors_info=\u00a0\u00bb{}\u00a0\u00bb][\/et_pb_image][et_pb_divider show_divider=\u00a0\u00bboff\u00a0\u00bb _builder_version=\u00a0\u00bb4.11.1&Prime; _module_preset=\u00a0\u00bbdefault\u00a0\u00bb min_height=\u00a0\u00bb111.3px\u00a0\u00bb global_colors_info=\u00a0\u00bb{}\u00a0\u00bb][\/et_pb_divider][et_pb_divider show_divider=\u00a0\u00bboff\u00a0\u00bb _builder_version=\u00a0\u00bb4.11.1&Prime; _module_preset=\u00a0\u00bbdefault\u00a0\u00bb global_colors_info=\u00a0\u00bb{}\u00a0\u00bb][\/et_pb_divider][et_pb_text _builder_version=\u00a0\u00bb4.11.1&Prime; text_font=\u00a0\u00bb||||||||\u00a0\u00bb header_font=\u00a0\u00bb||||||||\u00a0\u00bb header_2_font=\u00a0\u00bbRoboto|700||on|||||\u00a0\u00bb header_2_text_align=\u00a0\u00bbleft\u00a0\u00bb header_2_font_size=\u00a0\u00bb30px\u00a0\u00bb header_2_letter_spacing=\u00a0\u00bb4px\u00a0\u00bb module_alignment=\u00a0\u00bbcenter\u00a0\u00bb min_height=\u00a0\u00bb30px\u00a0\u00bb custom_margin=\u00a0\u00bb||10px|\u00a0\u00bb custom_padding=\u00a0\u00bb|||\u00a0\u00bb animation_style=\u00a0\u00bbfade\u00a0\u00bb global_colors_info=\u00a0\u00bb{}\u00a0\u00bb]<\/p>\n<h2>Contexte<\/h2>\n<p>[\/et_pb_text][et_pb_divider color=\u00a0\u00bb#8300E9&Prime; divider_weight=\u00a0\u00bb2px\u00a0\u00bb disabled_on=\u00a0\u00bboff|off|off\u00a0\u00bb _builder_version=\u00a0\u00bb4.11.1&Prime; max_width=\u00a0\u00bb100px\u00a0\u00bb animation_style=\u00a0\u00bbfade\u00a0\u00bb locked=\u00a0\u00bboff\u00a0\u00bb global_colors_info=\u00a0\u00bb{}\u00a0\u00bb][\/et_pb_divider][et_pb_text _builder_version=\u00a0\u00bb4.11.1&Prime; text_font=\u00a0\u00bb||||||||\u00a0\u00bb text_font_size=\u00a0\u00bb16px\u00a0\u00bb text_line_height=\u00a0\u00bb1.8em\u00a0\u00bb max_width_tablet=\u00a0\u00bb\u00a0\u00bb max_width_phone=\u00a0\u00bb\u00a0\u00bb max_width_last_edited=\u00a0\u00bbon|desktop\u00a0\u00bb custom_margin=\u00a0\u00bb||100px|\u00a0\u00bb animation_style=\u00a0\u00bbfade\u00a0\u00bb global_colors_info=\u00a0\u00bb{}\u00a0\u00bb]<\/p>\n<p style=\"text-align: justify;\">Tr\u00e8s pr\u00e8s des pr\u00e9occupations des gestionnaires et des professionnels, ce colloque vise principalement \u00e0 mettre de l\u2019avant les fa\u00e7ons optimales d\u2019adopter les meilleures pratiques en termes de d\u00e9ploiement de projets dans le r\u00e9seau ainsi qu&rsquo;\u00e0 promouvoir ces bonnes pratiques r\u00e9alisables sur le terrain.<\/p>\n<p style=\"text-align: justify;\">Ce colloque s\u2019adresse aux gestionnaires et professionnels int\u00e9ress\u00e9s par les grands projets innovants en mati\u00e8re de performance et de valorisation des donn\u00e9es qui touchent le r\u00e9seau de la Sant\u00e9 et des Services sociaux, mais \u00e9galement tout le secteur public.<\/p>\n<p>[\/et_pb_text][\/et_pb_column][\/et_pb_row][et_pb_row column_structure=\u00a0\u00bb1_2,1_2&Prime; use_custom_gutter=\u00a0\u00bbon\u00a0\u00bb gutter_width=\u00a0\u00bb2&Prime; make_equal=\u00a0\u00bbon\u00a0\u00bb _builder_version=\u00a0\u00bb3.25&Prime; custom_padding=\u00a0\u00bb27px|0px|0px|0px\u00a0\u00bb global_colors_info=\u00a0\u00bb{}\u00a0\u00bb][et_pb_column type=\u00a0\u00bb1_2&Prime; _builder_version=\u00a0\u00bb3.25&Prime; custom_padding=\u00a0\u00bb12%|||\u00a0\u00bb global_colors_info=\u00a0\u00bb{}\u00a0\u00bb custom_padding__hover=\u00a0\u00bb|||\u00a0\u00bb][et_pb_text _builder_version=\u00a0\u00bb4.11.1&Prime; text_font=\u00a0\u00bb||||||||\u00a0\u00bb header_font=\u00a0\u00bb||||||||\u00a0\u00bb header_2_font=\u00a0\u00bbRoboto|700||on|||||\u00a0\u00bb header_2_text_align=\u00a0\u00bbleft\u00a0\u00bb header_2_font_size=\u00a0\u00bb30px\u00a0\u00bb header_2_letter_spacing=\u00a0\u00bb4px\u00a0\u00bb module_alignment=\u00a0\u00bbcenter\u00a0\u00bb custom_margin=\u00a0\u00bb||10px|\u00a0\u00bb custom_padding=\u00a0\u00bb|||\u00a0\u00bb animation_style=\u00a0\u00bbfade\u00a0\u00bb global_colors_info=\u00a0\u00bb{}\u00a0\u00bb]<\/p>\n<h2>Client\u00e8le<\/h2>\n<p>[\/et_pb_text][et_pb_divider color=\u00a0\u00bb#8300E9&Prime; divider_weight=\u00a0\u00bb2px\u00a0\u00bb disabled_on=\u00a0\u00bboff|off|off\u00a0\u00bb _builder_version=\u00a0\u00bb4.11.1&Prime; max_width=\u00a0\u00bb100px\u00a0\u00bb animation_style=\u00a0\u00bbfade\u00a0\u00bb locked=\u00a0\u00bboff\u00a0\u00bb global_colors_info=\u00a0\u00bb{}\u00a0\u00bb][\/et_pb_divider][et_pb_text _builder_version=\u00a0\u00bb4.11.1&Prime; text_font=\u00a0\u00bb||||||||\u00a0\u00bb text_font_size=\u00a0\u00bb16px\u00a0\u00bb text_line_height=\u00a0\u00bb1.8em\u00a0\u00bb max_width_tablet=\u00a0\u00bb\u00a0\u00bb max_width_phone=\u00a0\u00bb\u00a0\u00bb max_width_last_edited=\u00a0\u00bbon|desktop\u00a0\u00bb custom_margin=\u00a0\u00bb||100px|\u00a0\u00bb animation_style=\u00a0\u00bbfade\u00a0\u00bb global_colors_info=\u00a0\u00bb{}\u00a0\u00bb]<\/p>\n<p style=\"text-align: justify;\">Ce colloque s\u2019adresse principalement aux gestionnaires et cadres du secteur public, dont les\u00a0:<\/p>\n<ol>\n<li>Professionnels et le personnel de la performance de gestion; de la gestion clinique; de la gestion financi\u00e8re; des ressources humaines; des ressources informationnelles; de la logistique et de l\u2019approvisionnement;<\/li>\n<li>Directions SAPA<\/li>\n<li>Directions de la recherche et des institutions<\/li>\n<\/ol>\n<p style=\"text-align: left;\">Cet \u00e9v\u00e9nement saura \u00e9galement int\u00e9resser les organismes partenaires du r\u00e9seau et du secteur priv\u00e9.<\/p>\n<p>[\/et_pb_text][\/et_pb_column][et_pb_column type=\u00a0\u00bb1_2&Prime; _builder_version=\u00a0\u00bb3.25&Prime; custom_padding=\u00a0\u00bb|||\u00a0\u00bb global_colors_info=\u00a0\u00bb{}\u00a0\u00bb custom_padding__hover=\u00a0\u00bb|||\u00a0\u00bb][et_pb_divider show_divider=\u00a0\u00bboff\u00a0\u00bb _builder_version=\u00a0\u00bb4.11.1&Prime; _module_preset=\u00a0\u00bbdefault\u00a0\u00bb min_height=\u00a0\u00bb111.3px\u00a0\u00bb global_colors_info=\u00a0\u00bb{}\u00a0\u00bb][\/et_pb_divider][et_pb_image src=\u00a0\u00bbhttp:\/\/www.lepointensante.com\/performance\/wp-content\/uploads\/sites\/26\/2021\/11\/161-scaled.jpg\u00a0\u00bb title_text=\u00a0\u00bb161&Prime; url=\u00a0\u00bb#\u00a0\u00bb use_overlay=\u00a0\u00bbon\u00a0\u00bb overlay_icon_color=\u00a0\u00bb#ffb500&Prime; hover_overlay_color=\u00a0\u00bbrgba(0,0,0,0.65)\u00a0\u00bb hover_icon=\u00a0\u00bb%%3%%\u00a0\u00bb force_fullwidth=\u00a0\u00bbon\u00a0\u00bb align_tablet=\u00a0\u00bbcenter\u00a0\u00bb align_phone=\u00a0\u00bb\u00a0\u00bb align_last_edited=\u00a0\u00bbon|desktop\u00a0\u00bb _builder_version=\u00a0\u00bb4.11.1&Prime; custom_margin=\u00a0\u00bb||6%|\u00a0\u00bb animation_style=\u00a0\u00bbslide\u00a0\u00bb animation_direction=\u00a0\u00bbbottom\u00a0\u00bb animation_intensity_slide=\u00a0\u00bb2%\u00a0\u00bb global_colors_info=\u00a0\u00bb{}\u00a0\u00bb][\/et_pb_image][et_pb_divider show_divider=\u00a0\u00bboff\u00a0\u00bb _builder_version=\u00a0\u00bb4.11.1&Prime; _module_preset=\u00a0\u00bbdefault\u00a0\u00bb global_colors_info=\u00a0\u00bb{}\u00a0\u00bb][\/et_pb_divider][et_pb_text _builder_version=\u00a0\u00bb4.11.1&Prime; text_font=\u00a0\u00bb||||||||\u00a0\u00bb header_font=\u00a0\u00bb||||||||\u00a0\u00bb header_2_font=\u00a0\u00bbRoboto|700||on|||||\u00a0\u00bb header_2_text_align=\u00a0\u00bbleft\u00a0\u00bb header_2_font_size=\u00a0\u00bb30px\u00a0\u00bb header_2_letter_spacing=\u00a0\u00bb4px\u00a0\u00bb module_alignment=\u00a0\u00bbcenter\u00a0\u00bb min_height=\u00a0\u00bb30px\u00a0\u00bb custom_margin=\u00a0\u00bb||10px|\u00a0\u00bb custom_padding=\u00a0\u00bb|||\u00a0\u00bb animation_style=\u00a0\u00bbfade\u00a0\u00bb global_colors_info=\u00a0\u00bb{}\u00a0\u00bb]<\/p>\n<h2>Formule<\/h2>\n<p>[\/et_pb_text][et_pb_divider color=\u00a0\u00bb#8300E9&Prime; divider_weight=\u00a0\u00bb2px\u00a0\u00bb disabled_on=\u00a0\u00bboff|off|off\u00a0\u00bb _builder_version=\u00a0\u00bb4.11.1&Prime; max_width=\u00a0\u00bb100px\u00a0\u00bb animation_style=\u00a0\u00bbfade\u00a0\u00bb locked=\u00a0\u00bboff\u00a0\u00bb global_colors_info=\u00a0\u00bb{}\u00a0\u00bb][\/et_pb_divider][et_pb_text _builder_version=\u00a0\u00bb4.11.1&Prime; text_font=\u00a0\u00bb||||||||\u00a0\u00bb text_font_size=\u00a0\u00bb16px\u00a0\u00bb text_line_height=\u00a0\u00bb1.8em\u00a0\u00bb max_width_tablet=\u00a0\u00bb\u00a0\u00bb max_width_phone=\u00a0\u00bb\u00a0\u00bb max_width_last_edited=\u00a0\u00bbon|desktop\u00a0\u00bb custom_margin=\u00a0\u00bb||100px|\u00a0\u00bb animation_style=\u00a0\u00bbfade\u00a0\u00bb global_colors_info=\u00a0\u00bb{}\u00a0\u00bb]<\/p>\n<p>La formule du colloque propose un espace de grandes conf\u00e9rences, d\u2019ateliers et un espace d\u2019exposition \u00e0 l\u2019int\u00e9rieur de la salle pl\u00e9ni\u00e8re.<\/p>\n<p>Le programme mise sur de grandes conf\u00e9rences qui se veulent mobilisatrices et inspirantes, dans une volont\u00e9 de cr\u00e9er des liens entre les acteurs du domaine de la performance et de la valorisation des donn\u00e9es au Qu\u00e9bec et au-del\u00e0 de ses fronti\u00e8res.<\/p>\n<p>\u00c0 la programmation, le colloque propose trois s\u00e9ries de trois ou quatre ateliers favorisant des formations en tandem (co-animation). Ces ateliers formeront un espace pour \u00e9changer sur des projets innovants en TI.<\/p>\n<p>&nbsp;<\/p>\n<p>&nbsp;<\/p>\n<p>&nbsp;<\/p>\n<p>&nbsp;<\/p>\n<p>&nbsp;<\/p>\n<p>&nbsp;<\/p>\n<p>[\/et_pb_text][\/et_pb_column][\/et_pb_row][\/et_pb_section]<\/p>\n","protected":false},"excerpt":{"rendered":"<p>ConceptLe Point en sant\u00e9 et services sociaux, en partenariat avec des partenaires et collaborateurs de longue date, tous des professionnels chevronn\u00e9s du r\u00e9seau de la sant\u00e9 et des services sociaux, se pr\u00e9pare \u00e0 la tenue de la 1\u00e8re \u00e9dition du Colloque Performance et valorisation des donn\u00e9es, qui se tiendra le 31 mars 2022, au Centre [&hellip;]<\/p>\n","protected":false},"author":766,"featured_media":0,"parent":0,"menu_order":0,"comment_status":"closed","ping_status":"closed","template":"","meta":{"_et_pb_use_builder":"on","_et_pb_old_content":"","_et_gb_content_width":"","_exactmetrics_skip_tracking":false,"_exactmetrics_sitenote_active":false,"_exactmetrics_sitenote_note":"","_exactmetrics_sitenote_category":0,"footnotes":""},"class_list":["post-164","page","type-page","status-publish","hentry"],"_links":{"self":[{"href":"https:\/\/www.lepointensante.com\/performance\/wp-json\/wp\/v2\/pages\/164","targetHints":{"allow":["GET"]}}],"collection":[{"href":"https:\/\/www.lepointensante.com\/performance\/wp-json\/wp\/v2\/pages"}],"about":[{"href":"https:\/\/www.lepointensante.com\/performance\/wp-json\/wp\/v2\/types\/page"}],"author":[{"embeddable":true,"href":"https:\/\/www.lepointensante.com\/performance\/wp-json\/wp\/v2\/users\/766"}],"replies":[{"embeddable":true,"href":"https:\/\/www.lepointensante.com\/performance\/wp-json\/wp\/v2\/comments?post=164"}],"version-history":[{"count":2,"href":"https:\/\/www.lepointensante.com\/performance\/wp-json\/wp\/v2\/pages\/164\/revisions"}],"predecessor-version":[{"id":167,"href":"https:\/\/www.lepointensante.com\/performance\/wp-json\/wp\/v2\/pages\/164\/revisions\/167"}],"wp:attachment":[{"href":"https:\/\/www.lepointensante.com\/performance\/wp-json\/wp\/v2\/media?parent=164"}],"curies":[{"name":"wp","href":"https:\/\/api.w.org\/{rel}","templated":true}]}}