{"id":369,"date":"2021-04-19T20:37:54","date_gmt":"2021-04-19T20:37:54","guid":{"rendered":"https:\/\/www.lepointensante.com\/solutionsti\/?page_id=369"},"modified":"2021-05-27T18:31:10","modified_gmt":"2021-05-27T18:31:10","slug":"conference3","status":"publish","type":"page","link":"https:\/\/www.lepointensante.com\/solutionsti\/conference3\/","title":{"rendered":"Conf\u00e9rence3"},"content":{"rendered":"<p>[et_pb_section fb_built=\u00a0\u00bb1&Prime; _builder_version=\u00a0\u00bb4.0.10&Prime;][et_pb_row _builder_version=\u00a0\u00bb4.0.10&Prime;][et_pb_column type=\u00a0\u00bb4_4&Prime; _builder_version=\u00a0\u00bb4.0.10&Prime;][et_pb_text _builder_version=\u00a0\u00bb4.0.10&Prime;]<\/p>\n<h1><strong>Conf\u00e9rence |\u00a0<\/strong>Co-d\u00e9veloppement d&rsquo;habitations intelligentes pour soutenir le maintien des personnes \u00e2g\u00e9es dans le domicile de leur choix: le Projet Le16<\/h1>\n<h2><strong>\u25ba 11 h 00<\/strong><\/h2>\n<p>[\/et_pb_text][\/et_pb_column][\/et_pb_row][et_pb_row _builder_version=\u00a0\u00bb4.0.10&Prime;][et_pb_column _builder_version=\u00a0\u00bb4.0.10&Prime; type=\u00a0\u00bb4_4&Prime;][et_pb_button button_text=\u00a0\u00bbT\u00e9l\u00e9charger la pr\u00e9sentation\u00a0\u00bb _builder_version=\u00a0\u00bb4.0.10&Prime; button_url=\u00a0\u00bbhttp:\/\/www.lepointensante.com\/solutionsti\/wp-content\/uploads\/sites\/21\/2021\/05\/CO-DVE1.pdf\u00a0\u00bb hover_enabled=\u00a0\u00bb0&Prime; button_alignment=\u00a0\u00bbcenter\u00a0\u00bb background_layout=\u00a0\u00bbdark\u00a0\u00bb custom_button=\u00a0\u00bbon\u00a0\u00bb button_bg_color=\u00a0\u00bb#1a0052&Prime; button_bg_enable_color=\u00a0\u00bbon\u00a0\u00bb button_border_radius=\u00a0\u00bb40px\u00a0\u00bb button_font=\u00a0\u00bb|600|||||||\u00a0\u00bb button_icon=\u00a0\u00bb%%266%%\u00a0\u00bb url_new_window=\u00a0\u00bbon\u00a0\u00bb][\/et_pb_button][\/et_pb_column][\/et_pb_row][et_pb_row column_structure=\u00a0\u00bb1_3,1_3,1_3&Prime; _builder_version=\u00a0\u00bb4.0.10&Prime;][et_pb_column type=\u00a0\u00bb1_3&Prime; _builder_version=\u00a0\u00bb4.0.10&Prime;][et_pb_image src=\u00a0\u00bbhttp:\/\/www.lepointensante.com\/solutionsti\/wp-content\/uploads\/sites\/21\/2021\/04\/Nathalie-Bier.jpg\u00a0\u00bb _builder_version=\u00a0\u00bb4.0.10&Prime;][\/et_pb_image][et_pb_text _builder_version=\u00a0\u00bb4.0.10&Prime;]<strong><em>Nathalie Bier<\/em><\/strong><br \/>\nProfesseure agr\u00e9g\u00e9e, Universit\u00e9 de Montr\u00e9al &#8211; CIUSSS CSMTL[\/et_pb_text][\/et_pb_column][et_pb_column type=\u00a0\u00bb1_3&Prime; _builder_version=\u00a0\u00bb4.0.10&Prime;][et_pb_image src=\u00a0\u00bbhttp:\/\/www.lepointensante.com\/solutionsti\/wp-content\/uploads\/sites\/21\/2021\/04\/David-Bertrand.jpg\u00a0\u00bb _builder_version=\u00a0\u00bb4.0.10&Prime; height=\u00a0\u00bb330px\u00a0\u00bb][\/et_pb_image][et_pb_text _builder_version=\u00a0\u00bb4.0.10&Prime;]<strong><em>David Bertrand<\/em><\/strong><br \/>\nCEO, Hospitalis[\/et_pb_text][\/et_pb_column][et_pb_column type=\u00a0\u00bb1_3&Prime; _builder_version=\u00a0\u00bb4.0.10&Prime;][\/et_pb_column][\/et_pb_row][et_pb_row _builder_version=\u00a0\u00bb4.0.10&Prime;][et_pb_column type=\u00a0\u00bb4_4&Prime; _builder_version=\u00a0\u00bb4.0.10&Prime;][et_pb_text _builder_version=\u00a0\u00bb4.0.10&Prime;]<\/p>\n<p style=\"text-align: justify;\">Vieillir chez soi est l\u2019une des grandes priorit\u00e9s des gouvernements du Qu\u00e9bec et du Canada. En effet, vivre \u00e0 domicile\u00a0pr\u00e9sente de nombreux b\u00e9n\u00e9fices pour la personne \u00e2g\u00e9e et son \u00e9cosyst\u00e8me, tant pour la sant\u00e9 (physique et mentale) de la\u00a0personne \u00e2g\u00e9e elle-m\u00eame, que pour les co\u00fbts engendr\u00e9s par la soci\u00e9t\u00e9 en termes de soins de sant\u00e9 et de services sociaux.<\/p>\n<p style=\"text-align: justify;\">La conjoncture actuelle du vieillissement de la population et du d\u00e9veloppement fulgurant des technologies, particuli\u00e8rement en contexte pand\u00e9mique, permet d\u2019envisager de nouveaux usages \u00e0 ces technologies pour d\u00e9velopper de nouvelles formules d\u2019habitation connect\u00e9e, abordable et favorisant le maintien \u00e0 domicile. Toutefois, \u00e0 ce jour, les initiatives mondiales, canadiennes et qu\u00e9b\u00e9coises, demeurent timides et l\u2019impact r\u00e9el de ces technologies sur le bien-vieillir est peu\u00a0document\u00e9.<\/p>\n<p style=\"text-align: justify;\">De plus, de nombreuses technologies sont d\u00e9velopp\u00e9es en marge de la personne \u00e2g\u00e9e et de son \u00e9cosyst\u00e8me et\u00a0ne r\u00e9pondent pas aux besoins sp\u00e9cifiques de cette client\u00e8le. Cons\u00e9quemment, elles sont abandonn\u00e9es ou ne donnent pas les\u00a0r\u00e9sultats escompt\u00e9s. En lien avec sa mission de contribuer au bien vieillir au Qu\u00e9bec par des solutions innovantes, la\u00a0Fondation Berthiaume-Du Tremblay souhaite explorer le potentiel de ces technologies, afin de maintenir \u00e0 domicile de\u00a0fa\u00e7on s\u00e9curitaire les personnes qui habitent ses r\u00e9sidences.<\/p>\n<p style=\"text-align: justify;\">Gr\u00e2ce \u00e0 un consortium \u00e9tabli avec de multiples acteurs, la\u00a0Fondation met en place un projet visant \u00e0 proposer des solutions technologiques personnalis\u00e9es au besoin des a\u00een\u00e9s\u00a0autonomes et semi-autonomes, en incluant les divers acteurs. Cette d\u00e9marche participative s\u2019appuie sur des solutions\u00a0technologiques li\u00e9es aux habitats intelligents d\u00e9j\u00e0 \u00e9prouv\u00e9es ou en d\u00e9veloppement, aupr\u00e8s d\u2019a\u00een\u00e9s et sur la collaboration\u00a0des a\u00een\u00e9s et du personnel de la r\u00e9sidence pour s\u2019assurer d\u2019une int\u00e9gration harmonieuse des solutions technologiques dans le\u00a0quotidien des a\u00een\u00e9s et dans l\u2019organisation des r\u00e9sidences. Ce projet de recherche-action inclut une \u00e9troite collaboration entre\u00a0des milieux acad\u00e9miques, des OBNL, des membres de l\u2019industrie, des personnes \u00e2g\u00e9es et leur r\u00e9seau.<\/p>\n<p style=\"text-align: justify;\">\u00c0 terme, le\u00a0consortium vise le d\u00e9veloppement d\u2019une technologie de type habitat intelligent fiable, robuste, commercialisable et\u00a0facilement d\u00e9ployable dans des habitations collectives, en accord avec les besoins des milieux preneurs.<\/p>\n<p style=\"text-align: justify;\">[\/et_pb_text][\/et_pb_column][\/et_pb_row][\/et_pb_section]<\/p>\n","protected":false},"excerpt":{"rendered":"<p>Conf\u00e9rence |\u00a0Co-d\u00e9veloppement d&rsquo;habitations intelligentes pour soutenir le maintien des personnes \u00e2g\u00e9es dans le domicile de leur choix: le Projet Le16 \u25ba 11 h 00Nathalie Bier Professeure agr\u00e9g\u00e9e, Universit\u00e9 de Montr\u00e9al &#8211; CIUSSS CSMTLDavid Bertrand CEO, HospitalisVieillir chez soi est l\u2019une des grandes priorit\u00e9s des gouvernements du Qu\u00e9bec et du Canada. En effet, vivre \u00e0 domicile\u00a0pr\u00e9sente [&hellip;]<\/p>\n","protected":false},"author":7,"featured_media":0,"parent":0,"menu_order":0,"comment_status":"closed","ping_status":"closed","template":"","meta":{"_acf_changed":false,"_et_pb_use_builder":"on","_et_pb_old_content":"","_et_gb_content_width":"","_exactmetrics_skip_tracking":false,"_exactmetrics_sitenote_active":false,"_exactmetrics_sitenote_note":"","_exactmetrics_sitenote_category":0,"footnotes":""},"class_list":["post-369","page","type-page","status-publish","hentry"],"acf":[],"_links":{"self":[{"href":"https:\/\/www.lepointensante.com\/solutionsti\/wp-json\/wp\/v2\/pages\/369","targetHints":{"allow":["GET"]}}],"collection":[{"href":"https:\/\/www.lepointensante.com\/solutionsti\/wp-json\/wp\/v2\/pages"}],"about":[{"href":"https:\/\/www.lepointensante.com\/solutionsti\/wp-json\/wp\/v2\/types\/page"}],"author":[{"embeddable":true,"href":"https:\/\/www.lepointensante.com\/solutionsti\/wp-json\/wp\/v2\/users\/7"}],"replies":[{"embeddable":true,"href":"https:\/\/www.lepointensante.com\/solutionsti\/wp-json\/wp\/v2\/comments?post=369"}],"version-history":[{"count":6,"href":"https:\/\/www.lepointensante.com\/solutionsti\/wp-json\/wp\/v2\/pages\/369\/revisions"}],"predecessor-version":[{"id":707,"href":"https:\/\/www.lepointensante.com\/solutionsti\/wp-json\/wp\/v2\/pages\/369\/revisions\/707"}],"wp:attachment":[{"href":"https:\/\/www.lepointensante.com\/solutionsti\/wp-json\/wp\/v2\/media?parent=369"}],"curies":[{"name":"wp","href":"https:\/\/api.w.org\/{rel}","templated":true}]}}