{"id":481,"date":"2021-04-30T13:54:39","date_gmt":"2021-04-30T13:54:39","guid":{"rendered":"https:\/\/www.lepointensante.com\/solutionsti\/?page_id=481"},"modified":"2021-05-27T18:43:06","modified_gmt":"2021-05-27T18:43:06","slug":"solutions-technologique-4","status":"publish","type":"page","link":"https:\/\/www.lepointensante.com\/solutionsti\/solutions-technologique-4\/","title":{"rendered":"Solutions technologique 4"},"content":{"rendered":"<p>[et_pb_section fb_built=\u00a0\u00bb1&Prime; _builder_version=\u00a0\u00bb4.0.10&Prime;][et_pb_row column_structure=\u00a0\u00bb1_4,3_4&Prime; _builder_version=\u00a0\u00bb4.0.10&Prime;][et_pb_column type=\u00a0\u00bb1_4&Prime; _builder_version=\u00a0\u00bb4.0.10&Prime;][et_pb_image src=\u00a0\u00bbhttp:\/\/www.lepointensante.com\/solutionsti\/wp-content\/uploads\/sites\/21\/2021\/04\/LeoMed-Logo-Complet-Couleur.png\u00a0\u00bb _builder_version=\u00a0\u00bb4.0.10&Prime;][\/et_pb_image][\/et_pb_column][et_pb_column type=\u00a0\u00bb3_4&Prime; _builder_version=\u00a0\u00bb4.0.10&Prime;][et_pb_text _builder_version=\u00a0\u00bb4.0.10&Prime;]<\/p>\n<h1><strong>Solution technologique | <\/strong>Un suivi m\u00e9dical complet en temps r\u00e9el, enfin c\u2019est possible!<\/h1>\n<h2><strong>\u25ba 11 h 45<\/strong><\/h2>\n<p>[\/et_pb_text][\/et_pb_column][\/et_pb_row][et_pb_row _builder_version=\u00a0\u00bb4.0.10&Prime;][et_pb_column _builder_version=\u00a0\u00bb4.0.10&Prime; type=\u00a0\u00bb4_4&Prime;][et_pb_button button_text=\u00a0\u00bbT\u00e9l\u00e9charger la pr\u00e9sentation\u00a0\u00bb _builder_version=\u00a0\u00bb4.0.10&Prime; button_url=\u00a0\u00bbhttp:\/\/www.lepointensante.com\/solutionsti\/wp-content\/uploads\/sites\/21\/2021\/05\/Un-suivi-m\u00e9dical-complet-en-temps-r\u00e9el-enfin-c\u2019est-possible-LeoMed-Technologies.pdf\u00a0\u00bb hover_enabled=\u00a0\u00bb0&Prime; url_new_window=\u00a0\u00bbon\u00a0\u00bb button_alignment=\u00a0\u00bbcenter\u00a0\u00bb background_layout=\u00a0\u00bbdark\u00a0\u00bb custom_button=\u00a0\u00bbon\u00a0\u00bb button_bg_color=\u00a0\u00bb#1a0052&Prime; button_bg_enable_color=\u00a0\u00bbon\u00a0\u00bb button_border_radius=\u00a0\u00bb40px\u00a0\u00bb button_font=\u00a0\u00bb|600|||||||\u00a0\u00bb button_icon=\u00a0\u00bb%%266%%\u00a0\u00bb][\/et_pb_button][\/et_pb_column][\/et_pb_row][et_pb_row column_structure=\u00a0\u00bb2_5,3_5&Prime; _builder_version=\u00a0\u00bb4.0.10&Prime;][et_pb_column type=\u00a0\u00bb2_5&Prime; _builder_version=\u00a0\u00bb4.0.10&Prime;][et_pb_image src=\u00a0\u00bbhttp:\/\/www.lepointensante.com\/solutionsti\/wp-content\/uploads\/sites\/21\/2021\/04\/Joseph-Aubut-2.jpg\u00a0\u00bb align=\u00a0\u00bbcenter\u00a0\u00bb _builder_version=\u00a0\u00bb4.0.10&Prime; width=\u00a0\u00bb100%\u00a0\u00bb module_alignment=\u00a0\u00bbcenter\u00a0\u00bb min_height=\u00a0\u00bb231px\u00a0\u00bb height=\u00a0\u00bb298px\u00a0\u00bb][\/et_pb_image][et_pb_text _builder_version=\u00a0\u00bb4.0.10&Prime; text_orientation=\u00a0\u00bbcenter\u00a0\u00bb]<strong><em>Joseph Aubut, MD <\/em><\/strong><br \/>\nDirecteur g\u00e9n\u00e9ral<br \/>\nLeoMed Technologies[\/et_pb_text][\/et_pb_column][et_pb_column type=\u00a0\u00bb3_5&Prime; _builder_version=\u00a0\u00bb4.0.10&Prime;][et_pb_text _builder_version=\u00a0\u00bb4.0.10&Prime;]<\/p>\n<p align=\"left\" style=\"text-align: justify;\">La surveillance et le suivi des patients sont des t\u00e2ches aussi difficiles qu\u2019importantes. LeoMed optimise cette prise en charge en permettant un suivi intelligent et automatis\u00e9 en temps r\u00e9el, ce qui en r\u00e9sulte une meilleure gestion des ressources humaines et financi\u00e8res, en plus d\u2019assurer la s\u00e9curit\u00e9 des donn\u00e9es patients et de faciliter la communication entre les intervenants.<\/p>\n<p align=\"left\" style=\"text-align: justify;\">LeoMed offre des appareils de prise de signes vitaux \u00e0 la fine pointe de la technologie, tous connect\u00e9s \u00e0 une plateforme unifi\u00e9e pour la visualisation de signes vitaux en continu. La plateforme offre \u00e9galement des questionnaires automatis\u00e9s avec des alertes intelligentes et une connexion bidirectionnelle avec les pharmacies. Avec LeoMed, vous pouvez exp\u00e9rimenter le futur de la prise en charge m\u00e9dicale, sans vous compliquer la vie.<\/p>\n<p>[\/et_pb_text][\/et_pb_column][\/et_pb_row][\/et_pb_section]<\/p>\n","protected":false},"excerpt":{"rendered":"<p>Solution technologique | Un suivi m\u00e9dical complet en temps r\u00e9el, enfin c\u2019est possible! \u25ba 11 h 45Joseph Aubut, MD Directeur g\u00e9n\u00e9ral LeoMed TechnologiesLa surveillance et le suivi des patients sont des t\u00e2ches aussi difficiles qu\u2019importantes. LeoMed optimise cette prise en charge en permettant un suivi intelligent et automatis\u00e9 en temps r\u00e9el, ce qui en r\u00e9sulte [&hellip;]<\/p>\n","protected":false},"author":7,"featured_media":0,"parent":0,"menu_order":0,"comment_status":"closed","ping_status":"closed","template":"","meta":{"_acf_changed":false,"_et_pb_use_builder":"on","_et_pb_old_content":"","_et_gb_content_width":"","_exactmetrics_skip_tracking":false,"_exactmetrics_sitenote_active":false,"_exactmetrics_sitenote_note":"","_exactmetrics_sitenote_category":0,"footnotes":""},"class_list":["post-481","page","type-page","status-publish","hentry"],"acf":[],"_links":{"self":[{"href":"https:\/\/www.lepointensante.com\/solutionsti\/wp-json\/wp\/v2\/pages\/481","targetHints":{"allow":["GET"]}}],"collection":[{"href":"https:\/\/www.lepointensante.com\/solutionsti\/wp-json\/wp\/v2\/pages"}],"about":[{"href":"https:\/\/www.lepointensante.com\/solutionsti\/wp-json\/wp\/v2\/types\/page"}],"author":[{"embeddable":true,"href":"https:\/\/www.lepointensante.com\/solutionsti\/wp-json\/wp\/v2\/users\/7"}],"replies":[{"embeddable":true,"href":"https:\/\/www.lepointensante.com\/solutionsti\/wp-json\/wp\/v2\/comments?post=481"}],"version-history":[{"count":5,"href":"https:\/\/www.lepointensante.com\/solutionsti\/wp-json\/wp\/v2\/pages\/481\/revisions"}],"predecessor-version":[{"id":712,"href":"https:\/\/www.lepointensante.com\/solutionsti\/wp-json\/wp\/v2\/pages\/481\/revisions\/712"}],"wp:attachment":[{"href":"https:\/\/www.lepointensante.com\/solutionsti\/wp-json\/wp\/v2\/media?parent=481"}],"curies":[{"name":"wp","href":"https:\/\/api.w.org\/{rel}","templated":true}]}}