{"id":494,"date":"2021-05-04T15:53:09","date_gmt":"2021-05-04T15:53:09","guid":{"rendered":"https:\/\/www.lepointensante.com\/solutionsti\/?page_id=494"},"modified":"2021-05-27T19:12:09","modified_gmt":"2021-05-27T19:12:09","slug":"solution-technologique-8","status":"publish","type":"page","link":"https:\/\/www.lepointensante.com\/solutionsti\/solution-technologique-8\/","title":{"rendered":"Solution technologique 8"},"content":{"rendered":"<p>[et_pb_section fb_built=\u00a0\u00bb1&Prime; _builder_version=\u00a0\u00bb4.0.10&Prime;][et_pb_row column_structure=\u00a0\u00bb1_4,3_4&Prime; _builder_version=\u00a0\u00bb4.0.10&Prime;][et_pb_column type=\u00a0\u00bb1_4&Prime; _builder_version=\u00a0\u00bb4.0.10&Prime;][et_pb_image src=\u00a0\u00bbhttp:\/\/www.lepointensante.com\/solutionsti\/wp-content\/uploads\/sites\/21\/2021\/05\/TELUS_2018_Health_FR_Hor_RGB_0.jpg\u00a0\u00bb _builder_version=\u00a0\u00bb4.0.10&Prime;][\/et_pb_image][et_pb_image src=\u00a0\u00bbhttp:\/\/www.lepointensante.com\/solutionsti\/wp-content\/uploads\/sites\/21\/2021\/05\/AGEWELL-Logo-ColourNoTagline.jpg\u00a0\u00bb _builder_version=\u00a0\u00bb4.0.10&Prime; min_height=\u00a0\u00bb73px\u00a0\u00bb][\/et_pb_image][et_pb_image src=\u00a0\u00bbhttp:\/\/www.lepointensante.com\/solutionsti\/wp-content\/uploads\/sites\/21\/2021\/05\/Colour_horizontal.png\u00a0\u00bb _builder_version=\u00a0\u00bb4.0.10&Prime;][\/et_pb_image][\/et_pb_column][et_pb_column type=\u00a0\u00bb3_4&Prime; _builder_version=\u00a0\u00bb4.0.10&Prime;][et_pb_text _builder_version=\u00a0\u00bb4.0.10&Prime;]<\/p>\n<h1><strong>Solution technologique | <\/strong>La solution ESPRI pour optimiser la sant\u00e9 mentale de nos a\u00een\u00e9s et de leurs proches aidants dans le contexte d\u2019initiatives innovantes en sant\u00e9 mentale<\/h1>\n<h2><strong>\u25ba 15 h 30<\/strong><\/h2>\n<p>[\/et_pb_text][\/et_pb_column][\/et_pb_row][et_pb_row _builder_version=\u00a0\u00bb4.0.10&Prime;][et_pb_column _builder_version=\u00a0\u00bb4.0.10&Prime; type=\u00a0\u00bb4_4&Prime;][et_pb_button button_text=\u00a0\u00bbT\u00e9l\u00e9charger la pr\u00e9sentation\u00a0\u00bb _builder_version=\u00a0\u00bb4.0.10&Prime; button_url=\u00a0\u00bbhttp:\/\/www.lepointensante.com\/solutionsti\/wp-content\/uploads\/sites\/21\/2021\/05\/La-solution-ESPRI-pour-optimiser-la-sant\u00e9-mentale-de-nos-a\u00een\u00e9s-Telus-Sant\u00e9.pdf\u00a0\u00bb url_new_window=\u00a0\u00bbon\u00a0\u00bb hover_enabled=\u00a0\u00bb0&Prime; button_alignment=\u00a0\u00bbcenter\u00a0\u00bb background_layout=\u00a0\u00bbdark\u00a0\u00bb custom_button=\u00a0\u00bbon\u00a0\u00bb button_bg_color=\u00a0\u00bb#1a0052&Prime; button_bg_enable_color=\u00a0\u00bbon\u00a0\u00bb button_border_radius=\u00a0\u00bb40px\u00a0\u00bb button_font=\u00a0\u00bb|600|||||||\u00a0\u00bb button_icon=\u00a0\u00bb%%266%%\u00a0\u00bb][\/et_pb_button][\/et_pb_column][\/et_pb_row][et_pb_row column_structure=\u00a0\u00bb1_3,1_3,1_3&Prime; _builder_version=\u00a0\u00bb4.0.10&Prime;][et_pb_column type=\u00a0\u00bb1_3&Prime; _builder_version=\u00a0\u00bb4.0.10&Prime;][et_pb_image src=\u00a0\u00bbhttp:\/\/www.lepointensante.com\/solutionsti\/wp-content\/uploads\/sites\/21\/2021\/05\/Frank-Knoefel2.jpg\u00a0\u00bb _builder_version=\u00a0\u00bb4.0.10&Prime; width=\u00a0\u00bb100%\u00a0\u00bb][\/et_pb_image][et_pb_text _builder_version=\u00a0\u00bb4.0.10&Prime;]<\/p>\n<p><strong><em>Frank Knoefel, <\/em><\/strong><strong>B.Sc., MD, CCFP (COE), FCFP, MPA<\/strong><br \/> M\u00e9decin et chercheur, AGE-WELL<\/p>\n<p>[\/et_pb_text][\/et_pb_column][et_pb_column type=\u00a0\u00bb1_3&Prime; _builder_version=\u00a0\u00bb4.0.10&Prime;][et_pb_image src=\u00a0\u00bbhttp:\/\/www.lepointensante.com\/solutionsti\/wp-content\/uploads\/sites\/21\/2021\/05\/Marjolaine-Bergeron.jpg\u00a0\u00bb _builder_version=\u00a0\u00bb4.0.10&Prime; width=\u00a0\u00bb100%\u00a0\u00bb height=\u00a0\u00bb323px\u00a0\u00bb][\/et_pb_image][et_pb_text _builder_version=\u00a0\u00bb4.0.10&Prime;]<\/p>\n<p><strong><em>Marjolaine Bergeron <\/em><\/strong><br \/> Conseill\u00e8re en sant\u00e9 Sr. &#8211; Telus Sant\u00e9, Secteur public<\/p>\n<p>[\/et_pb_text][\/et_pb_column][et_pb_column type=\u00a0\u00bb1_3&Prime; _builder_version=\u00a0\u00bb4.0.10&Prime;][et_pb_image src=\u00a0\u00bbhttp:\/\/www.lepointensante.com\/solutionsti\/wp-content\/uploads\/sites\/21\/2021\/05\/Diane-C\u00f4t\u00e92.jpg\u00a0\u00bb _builder_version=\u00a0\u00bb4.0.10&Prime; width=\u00a0\u00bb100%\u00a0\u00bb min_height=\u00a0\u00bb291px\u00a0\u00bb height=\u00a0\u00bb327px\u00a0\u00bb][\/et_pb_image][et_pb_text _builder_version=\u00a0\u00bb4.0.10&Prime;]<strong><em>Diane C\u00f4t\u00e9 <\/em><\/strong><br \/>\nPr\u00e9sidente-directrice g\u00e9n\u00e9rale, MEDTEQ+[\/et_pb_text][\/et_pb_column][\/et_pb_row][et_pb_row _builder_version=\u00a0\u00bb4.0.10&Prime;][et_pb_column type=\u00a0\u00bb4_4&Prime; _builder_version=\u00a0\u00bb4.0.10&Prime;][et_pb_text _builder_version=\u00a0\u00bb4.0.10&Prime;]<\/p>\n<p style=\"text-align: justify;\">La promotion de la sant\u00e9 mentale chez les personnes \u00e2g\u00e9es est un enjeu important, particuli\u00e8rement dans le contexte de pand\u00e9mie actuel.\u00a0 En effet, plusieurs agents stresseurs affectent la sant\u00e9 de nos a\u00een\u00e9s et ont des cons\u00e9quences importantes sur leur bien-\u00eatre : isolement accru, acc\u00e8s difficile \u00e0 l\u2019information m\u00e9dicale, peur d\u2019\u00eatre malade, diminution de l\u2019activit\u00e9 physique, et plus encore. La contribution des a\u00een\u00e9s \u00e0 la soci\u00e9t\u00e9 est importante et il est primordial d\u2019unir nos efforts afin de trouver des moyens de vieillir en sant\u00e9.<\/p>\n<p style=\"text-align: justify;\">Heureusement, les technologies de la sant\u00e9 offrent de nouvelles possibilit\u00e9s en mati\u00e8re d\u2019am\u00e9lioration de la sant\u00e9 et des soins aux a\u00een\u00e9s. L\u2019application mobile ESPRI, par Telus Sant\u00e9, est un exemple de ressource et d\u2019outil pour aider les personnes \u00e2g\u00e9es et leurs proches \u00e0 rester en bonne sant\u00e9 et \u00e0 reconna\u00eetre des signes de stress et de fatigue psychologique. D\u00e9velopp\u00e9e par des experts dans le domaine, elle favorise une prise en main de sa sant\u00e9 mentale, et ce, tout au long du spectre de la sant\u00e9 mentale. Offerte aux organisations, ESPRI est configurable et personnalisable en fonction des besoins identifi\u00e9s et permet de rassembler les ressources en sant\u00e9 mentale au m\u00eame endroit.<\/p>\n<p style=\"text-align: justify;\">MEDTEQ+, AGE-WELL et Telus Sant\u00e9 vous pr\u00e9sentent leurs approches pour repenser la sant\u00e9 et la qualit\u00e9 de vie des a\u00een\u00e9s, dans le cadre des conf\u00e9rences hors-s\u00e9rie Des solutions technologiques au service de la sant\u00e9.<\/p>\n<p>[\/et_pb_text][\/et_pb_column][\/et_pb_row][\/et_pb_section]<\/p>\n","protected":false},"excerpt":{"rendered":"<p>Solution technologique | La solution ESPRI pour optimiser la sant\u00e9 mentale de nos a\u00een\u00e9s et de leurs proches aidants dans le contexte d\u2019initiatives innovantes en sant\u00e9 mentale \u25ba 15 h 30Frank Knoefel, B.Sc., MD, CCFP (COE), FCFP, MPA M\u00e9decin et chercheur, AGE-WELLMarjolaine Bergeron Conseill\u00e8re en sant\u00e9 Sr. &#8211; Telus Sant\u00e9, Secteur publicDiane C\u00f4t\u00e9 Pr\u00e9sidente-directrice g\u00e9n\u00e9rale, [&hellip;]<\/p>\n","protected":false},"author":7,"featured_media":0,"parent":0,"menu_order":0,"comment_status":"closed","ping_status":"closed","template":"","meta":{"_acf_changed":false,"_et_pb_use_builder":"on","_et_pb_old_content":"","_et_gb_content_width":"","_exactmetrics_skip_tracking":false,"_exactmetrics_sitenote_active":false,"_exactmetrics_sitenote_note":"","_exactmetrics_sitenote_category":0,"footnotes":""},"class_list":["post-494","page","type-page","status-publish","hentry"],"acf":[],"_links":{"self":[{"href":"https:\/\/www.lepointensante.com\/solutionsti\/wp-json\/wp\/v2\/pages\/494","targetHints":{"allow":["GET"]}}],"collection":[{"href":"https:\/\/www.lepointensante.com\/solutionsti\/wp-json\/wp\/v2\/pages"}],"about":[{"href":"https:\/\/www.lepointensante.com\/solutionsti\/wp-json\/wp\/v2\/types\/page"}],"author":[{"embeddable":true,"href":"https:\/\/www.lepointensante.com\/solutionsti\/wp-json\/wp\/v2\/users\/7"}],"replies":[{"embeddable":true,"href":"https:\/\/www.lepointensante.com\/solutionsti\/wp-json\/wp\/v2\/comments?post=494"}],"version-history":[{"count":11,"href":"https:\/\/www.lepointensante.com\/solutionsti\/wp-json\/wp\/v2\/pages\/494\/revisions"}],"predecessor-version":[{"id":720,"href":"https:\/\/www.lepointensante.com\/solutionsti\/wp-json\/wp\/v2\/pages\/494\/revisions\/720"}],"wp:attachment":[{"href":"https:\/\/www.lepointensante.com\/solutionsti\/wp-json\/wp\/v2\/media?parent=494"}],"curies":[{"name":"wp","href":"https:\/\/api.w.org\/{rel}","templated":true}]}}